{"id":17928,"date":"2021-04-20T20:23:25","date_gmt":"2021-04-21T01:23:25","guid":{"rendered":"http:\/\/119.8.7.19\/masterprom\/producto\/cpc-waf\/"},"modified":"2021-04-20T20:23:25","modified_gmt":"2021-04-21T01:23:25","slug":"cpc-waf","status":"publish","type":"product","link":"http:\/\/119.8.7.19\/masterprom\/producto\/cpc-waf\/","title":{"rendered":"CPC WAF"},"content":{"rendered":"<p>Cartera para celular marca Wagner. Capacidad para 6 tarjetas. Ideal para llevar dinero y tarjetas de uso frecuente en tu equipo m\u00f3vil. Banda el\u00e1stica para sujetarla f\u00e1cilmente. Placa de aluminio negro permite grabado de alto contraste. Sistema de protecci\u00f3n RFID (Radio Frecuencia Identificaci\u00f3n). Evita escaneo de+D28 tarjetas de cr\u00e9dito. Funciona con pegamento 3M, que permite adherirla en la mayor\u00eda de las fundas para celular. Se pega de manera permanente en la superficie que elijas. Incluye estuche individual. <\/p>\n","protected":false},"excerpt":{"rendered":"<p>Cartera para celular marca Wagner. Capacidad para 6 tarjetas. Ideal para llevar dinero y tarjetas de uso frecuente en tu equipo m\u00f3vil. Banda el\u00e1stica para sujetarla f\u00e1cilmente. Placa de aluminio negro permite grabado de alto contraste. Sistema de protecci\u00f3n RFID (Radio Frecuencia Identificaci\u00f3n). Evita escaneo de+D28 tarjetas de cr\u00e9dito. Funciona con pegamento 3M, que permite adherirla en la mayor\u00eda de las fundas para celular. Se pega de manera permanente en la superficie que elijas. Incluye estuche individual. <\/p>\n","protected":false},"featured_media":0,"comment_status":"closed","ping_status":"open","template":"","meta":[],"class_list":["post-17928","product","type-product","status-publish","hentry","product_cat-accesorios","product_cat-tecnologia","product_tag-g4"],"_links":{"self":[{"href":"http:\/\/119.8.7.19\/masterprom\/wp-json\/wp\/v2\/product\/17928","targetHints":{"allow":["GET"]}}],"collection":[{"href":"http:\/\/119.8.7.19\/masterprom\/wp-json\/wp\/v2\/product"}],"about":[{"href":"http:\/\/119.8.7.19\/masterprom\/wp-json\/wp\/v2\/types\/product"}],"replies":[{"embeddable":true,"href":"http:\/\/119.8.7.19\/masterprom\/wp-json\/wp\/v2\/comments?post=17928"}],"wp:attachment":[{"href":"http:\/\/119.8.7.19\/masterprom\/wp-json\/wp\/v2\/media?parent=17928"}],"curies":[{"name":"wp","href":"https:\/\/api.w.org\/{rel}","templated":true}]}}