{"id":17927,"date":"2021-04-20T20:23:25","date_gmt":"2021-04-21T01:23:25","guid":{"rendered":"http:\/\/119.8.7.19\/masterprom\/producto\/est-fug\/"},"modified":"2021-04-20T20:23:25","modified_gmt":"2021-04-21T01:23:25","slug":"est-fug","status":"publish","type":"product","link":"http:\/\/119.8.7.19\/masterprom\/producto\/est-fug\/","title":{"rendered":"EST FUG"},"content":{"rendered":"<p>Estuche r\u00edgido port\u00e1til marca TAKAYAMA. A prueba de golpes y resistente a la presi\u00f3n. Tira cierre con marca presente. Recomendado para organizar art\u00edculos peque\u00f1os, como auriculares, cables, tarjetas de memoria, power bank, adaptadores, USB, etc. Bolsa interior con malla y banda el\u00e1stica de sujeci\u00f3n para llevar todos tus accesorios organizados. Suave tela interior que ofrece eficaz protecci\u00f3n evitando rayaduras. <\/p>\n","protected":false},"excerpt":{"rendered":"<p>Estuche r\u00edgido port\u00e1til marca TAKAYAMA. A prueba de golpes y resistente a la presi\u00f3n. Tira cierre con marca presente. Recomendado para organizar art\u00edculos peque\u00f1os, como auriculares, cables, tarjetas de memoria, power bank, adaptadores, USB, etc. Bolsa interior con malla y banda el\u00e1stica de sujeci\u00f3n para llevar todos tus accesorios organizados. Suave tela interior que ofrece eficaz protecci\u00f3n evitando rayaduras. <\/p>\n","protected":false},"featured_media":0,"comment_status":"closed","ping_status":"open","template":"","meta":[],"class_list":["post-17927","product","type-product","status-publish","hentry","product_cat-accesorios","product_cat-tecnologia","product_tag-g4"],"_links":{"self":[{"href":"http:\/\/119.8.7.19\/masterprom\/wp-json\/wp\/v2\/product\/17927","targetHints":{"allow":["GET"]}}],"collection":[{"href":"http:\/\/119.8.7.19\/masterprom\/wp-json\/wp\/v2\/product"}],"about":[{"href":"http:\/\/119.8.7.19\/masterprom\/wp-json\/wp\/v2\/types\/product"}],"replies":[{"embeddable":true,"href":"http:\/\/119.8.7.19\/masterprom\/wp-json\/wp\/v2\/comments?post=17927"}],"wp:attachment":[{"href":"http:\/\/119.8.7.19\/masterprom\/wp-json\/wp\/v2\/media?parent=17927"}],"curies":[{"name":"wp","href":"https:\/\/api.w.org\/{rel}","templated":true}]}}