{"id":17926,"date":"2021-04-20T20:23:25","date_gmt":"2021-04-21T01:23:25","guid":{"rendered":"http:\/\/119.8.7.19\/masterprom\/producto\/cab-dut\/"},"modified":"2021-04-20T20:23:25","modified_gmt":"2021-04-21T01:23:25","slug":"cab-dut","status":"publish","type":"product","link":"http:\/\/119.8.7.19\/masterprom\/producto\/cab-dut\/","title":{"rendered":"CAB-DUT"},"content":{"rendered":"<p>Cable de carga y transferencia de datos compatible con la mayor\u00eda de los dispositivos (Lightning y Micro USB). Capacidad de carga y transferencia de datos de alta velocidad. Duradero y anti-nudos por su construcci\u00f3n con forro de alta resistencia. Disponible en Gris met\u00e1lico y Negro. Se entrega en bolsa individual de pl\u00e1stico con<br \/>\ncierre herm\u00e9tico para su mayor protecci\u00f3n. <\/p>\n","protected":false},"excerpt":{"rendered":"<p>Cable de carga y transferencia de datos compatible con la mayor\u00eda de los dispositivos (Lightning y Micro USB). Capacidad de carga y transferencia de datos de alta velocidad. Duradero y anti-nudos por su construcci\u00f3n con forro de alta resistencia. Disponible en Gris met\u00e1lico y Negro. Se entrega en bolsa individual de pl\u00e1stico con<br \/>\ncierre herm\u00e9tico para su mayor protecci\u00f3n. <\/p>\n","protected":false},"featured_media":0,"comment_status":"closed","ping_status":"open","template":"","meta":[],"class_list":["post-17926","product","type-product","status-publish","hentry","product_cat-accesorios","product_cat-tecnologia","product_tag-g4"],"_links":{"self":[{"href":"http:\/\/119.8.7.19\/masterprom\/wp-json\/wp\/v2\/product\/17926","targetHints":{"allow":["GET"]}}],"collection":[{"href":"http:\/\/119.8.7.19\/masterprom\/wp-json\/wp\/v2\/product"}],"about":[{"href":"http:\/\/119.8.7.19\/masterprom\/wp-json\/wp\/v2\/types\/product"}],"replies":[{"embeddable":true,"href":"http:\/\/119.8.7.19\/masterprom\/wp-json\/wp\/v2\/comments?post=17926"}],"wp:attachment":[{"href":"http:\/\/119.8.7.19\/masterprom\/wp-json\/wp\/v2\/media?parent=17926"}],"curies":[{"name":"wp","href":"https:\/\/api.w.org\/{rel}","templated":true}]}}