{"id":17911,"date":"2021-04-20T20:23:21","date_gmt":"2021-04-21T01:23:21","guid":{"rendered":"http:\/\/119.8.7.19\/masterprom\/producto\/cas6iph-mate\/"},"modified":"2021-04-20T20:23:22","modified_gmt":"2021-04-21T01:23:22","slug":"cas6iph-mate","status":"publish","type":"product","link":"http:\/\/119.8.7.19\/masterprom\/producto\/cas6iph-mate\/","title":{"rendered":"CAS6IPH-MATE"},"content":{"rendered":"<p>Funda r\u00edgida para impresi\u00f3n 3D (abarca el total de la superficie) superficie de pol\u00edmero pl\u00e1stico en acabado MATE, preparado para sublimar. <\/p>\n","protected":false},"excerpt":{"rendered":"<p>Funda r\u00edgida para impresi\u00f3n 3D (abarca el total de la superficie) superficie de pol\u00edmero pl\u00e1stico en acabado MATE, preparado para sublimar. <\/p>\n","protected":false},"featured_media":0,"comment_status":"closed","ping_status":"open","template":"","meta":[],"class_list":["post-17911","product","type-product","status-publish","hentry","product_cat-accesorios","product_cat-tecnologia","product_tag-winideas"],"_links":{"self":[{"href":"http:\/\/119.8.7.19\/masterprom\/wp-json\/wp\/v2\/product\/17911","targetHints":{"allow":["GET"]}}],"collection":[{"href":"http:\/\/119.8.7.19\/masterprom\/wp-json\/wp\/v2\/product"}],"about":[{"href":"http:\/\/119.8.7.19\/masterprom\/wp-json\/wp\/v2\/types\/product"}],"replies":[{"embeddable":true,"href":"http:\/\/119.8.7.19\/masterprom\/wp-json\/wp\/v2\/comments?post=17911"}],"wp:attachment":[{"href":"http:\/\/119.8.7.19\/masterprom\/wp-json\/wp\/v2\/media?parent=17911"}],"curies":[{"name":"wp","href":"https:\/\/api.w.org\/{rel}","templated":true}]}}