{"id":17909,"date":"2021-04-20T20:23:21","date_gmt":"2021-04-21T01:23:21","guid":{"rendered":"http:\/\/119.8.7.19\/masterprom\/producto\/a2508\/"},"modified":"2021-04-20T20:23:22","modified_gmt":"2021-04-21T01:23:22","slug":"a2508","status":"publish","type":"product","link":"http:\/\/119.8.7.19\/masterprom\/producto\/a2508\/","title":{"rendered":"A2508"},"content":{"rendered":"<p>L\u00e1mpara LED de escritorio con ventilador. Tecnolog\u00eda touch. La luz de la l\u00e1mpara no da\u00f1a la vista. Cuenta con 10 peque\u00f1os focos LEDS interiores y poste flexible que puede adoptar cualquier posici\u00f3n. Incluye bater\u00eda interna de litio y cable de carga. Al mantener sostenido el bot\u00f3n de iluminaci\u00f3n cambia la intensidad de la luz. Presentaci\u00f3n: caja de regalo a color. MEDIDAS: Base 10.5 cm \/ L\u00e1mp. 7.5 cm \/ Altura 45 cm \/ Caja de regalo 10.5 x 10.5 x 26.5 cm Base 10.5 cm \/ L\u00e1mp. 7.5 cm<\/p>\n","protected":false},"excerpt":{"rendered":"<p>L\u00e1mpara LED de escritorio con ventilador. Tecnolog\u00eda touch. La luz de la l\u00e1mpara no da\u00f1a la vista. Cuenta con 10 peque\u00f1os focos LEDS interiores y poste flexible que puede adoptar cualquier posici\u00f3n. Incluye bater\u00eda interna de litio y cable de carga. Al mantener sostenido el bot\u00f3n de iluminaci\u00f3n cambia la intensidad de la luz. Presentaci\u00f3n: caja de regalo a color. MEDIDAS: Base 10.5 cm \/ L\u00e1mp. 7.5 cm \/ Altura 45 cm \/ Caja de regalo 10.5 x 10.5 x 26.5 cm Base 10.5 cm \/ L\u00e1mp. 7.5 cm<\/p>\n","protected":false},"featured_media":0,"comment_status":"closed","ping_status":"open","template":"","meta":[],"class_list":["post-17909","product","type-product","status-publish","hentry","product_cat-accesorios","product_cat-tecnologia","product_tag-winideas","pa_detalle-especifico-base-10-5-cm-lamp-7-5-cm"],"_links":{"self":[{"href":"http:\/\/119.8.7.19\/masterprom\/wp-json\/wp\/v2\/product\/17909","targetHints":{"allow":["GET"]}}],"collection":[{"href":"http:\/\/119.8.7.19\/masterprom\/wp-json\/wp\/v2\/product"}],"about":[{"href":"http:\/\/119.8.7.19\/masterprom\/wp-json\/wp\/v2\/types\/product"}],"replies":[{"embeddable":true,"href":"http:\/\/119.8.7.19\/masterprom\/wp-json\/wp\/v2\/comments?post=17909"}],"wp:attachment":[{"href":"http:\/\/119.8.7.19\/masterprom\/wp-json\/wp\/v2\/media?parent=17909"}],"curies":[{"name":"wp","href":"https:\/\/api.w.org\/{rel}","templated":true}]}}