{"id":17906,"date":"2021-04-20T20:23:21","date_gmt":"2021-04-21T01:23:21","guid":{"rendered":"http:\/\/119.8.7.19\/masterprom\/producto\/a2256\/"},"modified":"2021-04-20T20:23:22","modified_gmt":"2021-04-21T01:23:22","slug":"a2256","status":"publish","type":"product","link":"http:\/\/119.8.7.19\/masterprom\/producto\/a2256\/","title":{"rendered":"A2256"},"content":{"rendered":"<p>Accesorio de bolsillo para tomar autofotos, ideal para llevar en bolsa o mochila. El tel\u00e9fono se sujeta con facilidad, cuenta con cable para transmisi\u00f3n de toma que se conecta a la entrada de audio y bot\u00f3n de disparo. Tubo extensible para mejor manejo. Cord\u00f3n que evita se caiga de la mano. Medida de tubo extendido: 48.8 cm. 15 x 5 x 3 cm\/ Extendido 60.5 cm<\/p>\n","protected":false},"excerpt":{"rendered":"<p>Accesorio de bolsillo para tomar autofotos, ideal para llevar en bolsa o mochila. El tel\u00e9fono se sujeta con facilidad, cuenta con cable para transmisi\u00f3n de toma que se conecta a la entrada de audio y bot\u00f3n de disparo. Tubo extensible para mejor manejo. Cord\u00f3n que evita se caiga de la mano. Medida de tubo extendido: 48.8 cm. 15 x 5 x 3 cm\/ Extendido 60.5 cm<\/p>\n","protected":false},"featured_media":0,"comment_status":"closed","ping_status":"open","template":"","meta":[],"class_list":["post-17906","product","type-product","status-publish","hentry","product_cat-accesorios","product_cat-tecnologia","product_tag-winideas","pa_detalle-especifico-15-x-5-x-3-cm-extendido-60-5-cm"],"_links":{"self":[{"href":"http:\/\/119.8.7.19\/masterprom\/wp-json\/wp\/v2\/product\/17906","targetHints":{"allow":["GET"]}}],"collection":[{"href":"http:\/\/119.8.7.19\/masterprom\/wp-json\/wp\/v2\/product"}],"about":[{"href":"http:\/\/119.8.7.19\/masterprom\/wp-json\/wp\/v2\/types\/product"}],"replies":[{"embeddable":true,"href":"http:\/\/119.8.7.19\/masterprom\/wp-json\/wp\/v2\/comments?post=17906"}],"wp:attachment":[{"href":"http:\/\/119.8.7.19\/masterprom\/wp-json\/wp\/v2\/media?parent=17906"}],"curies":[{"name":"wp","href":"https:\/\/api.w.org\/{rel}","templated":true}]}}