{"id":17891,"date":"2021-04-20T20:23:18","date_gmt":"2021-04-21T01:23:18","guid":{"rendered":"http:\/\/119.8.7.19\/masterprom\/producto\/blq-001-2\/"},"modified":"2021-04-20T20:23:19","modified_gmt":"2021-04-21T01:23:19","slug":"blq-001-2","status":"publish","type":"product","link":"http:\/\/119.8.7.19\/masterprom\/producto\/blq-001-2\/","title":{"rendered":"BLQ-001"},"content":{"rendered":"<p>Candado sary (3 funciones: llavero, candado para usb para proteger informaci\u00f3n y candado para maleta. Combinaci\u00f3n de 3 d\u00edgitos. No incluye USB.) <\/p>\n","protected":false},"excerpt":{"rendered":"<p>Candado sary (3 funciones: llavero, candado para usb para proteger informaci\u00f3n y candado para maleta. Combinaci\u00f3n de 3 d\u00edgitos. No incluye USB.) <\/p>\n","protected":false},"featured_media":0,"comment_status":"closed","ping_status":"open","template":"","meta":[],"class_list":["post-17891","product","type-product","status-publish","hentry","product_cat-tecnologia","product_cat-usb","product_tag-promoopcion"],"_links":{"self":[{"href":"http:\/\/119.8.7.19\/masterprom\/wp-json\/wp\/v2\/product\/17891","targetHints":{"allow":["GET"]}}],"collection":[{"href":"http:\/\/119.8.7.19\/masterprom\/wp-json\/wp\/v2\/product"}],"about":[{"href":"http:\/\/119.8.7.19\/masterprom\/wp-json\/wp\/v2\/types\/product"}],"replies":[{"embeddable":true,"href":"http:\/\/119.8.7.19\/masterprom\/wp-json\/wp\/v2\/comments?post=17891"}],"wp:attachment":[{"href":"http:\/\/119.8.7.19\/masterprom\/wp-json\/wp\/v2\/media?parent=17891"}],"curies":[{"name":"wp","href":"https:\/\/api.w.org\/{rel}","templated":true}]}}