{"id":17875,"date":"2021-04-20T20:23:15","date_gmt":"2021-04-21T01:23:15","guid":{"rendered":"http:\/\/119.8.7.19\/masterprom\/producto\/usb-who\/"},"modified":"2021-04-20T20:23:16","modified_gmt":"2021-04-21T01:23:16","slug":"usb-who","status":"publish","type":"product","link":"http:\/\/119.8.7.19\/masterprom\/producto\/usb-who\/","title":{"rendered":"USB-WHO"},"content":{"rendered":"<p>USB de 8GB. Aluminio torneado negro. Gancho tipo mosquet\u00f3n para su f\u00e1cil transportaci\u00f3n. Cierre de rosca a prueba de agua. <\/p>\n","protected":false},"excerpt":{"rendered":"<p>USB de 8GB. Aluminio torneado negro. Gancho tipo mosquet\u00f3n para su f\u00e1cil transportaci\u00f3n. Cierre de rosca a prueba de agua. <\/p>\n","protected":false},"featured_media":0,"comment_status":"closed","ping_status":"open","template":"","meta":[],"class_list":["post-17875","product","type-product","status-publish","hentry","product_cat-tecnologia","product_cat-usb","product_tag-g4"],"_links":{"self":[{"href":"http:\/\/119.8.7.19\/masterprom\/wp-json\/wp\/v2\/product\/17875","targetHints":{"allow":["GET"]}}],"collection":[{"href":"http:\/\/119.8.7.19\/masterprom\/wp-json\/wp\/v2\/product"}],"about":[{"href":"http:\/\/119.8.7.19\/masterprom\/wp-json\/wp\/v2\/types\/product"}],"replies":[{"embeddable":true,"href":"http:\/\/119.8.7.19\/masterprom\/wp-json\/wp\/v2\/comments?post=17875"}],"wp:attachment":[{"href":"http:\/\/119.8.7.19\/masterprom\/wp-json\/wp\/v2\/media?parent=17875"}],"curies":[{"name":"wp","href":"https:\/\/api.w.org\/{rel}","templated":true}]}}