{"id":17871,"date":"2021-04-20T20:23:15","date_gmt":"2021-04-21T01:23:15","guid":{"rendered":"http:\/\/119.8.7.19\/masterprom\/producto\/usb4870-2\/"},"modified":"2021-04-20T20:23:16","modified_gmt":"2021-04-21T01:23:16","slug":"usb4870-2","status":"publish","type":"product","link":"http:\/\/119.8.7.19\/masterprom\/producto\/usb4870-2\/","title":{"rendered":"USB4870"},"content":{"rendered":"<p>Bol\u00edgrafo de dos piezas, bol\u00edgrafo y USB de 4GB con punta touch. Incluye estuche met\u00e1lico. Medidas del estuche: 17.8 x 6 cm. <\/p>\n","protected":false},"excerpt":{"rendered":"<p>Bol\u00edgrafo de dos piezas, bol\u00edgrafo y USB de 4GB con punta touch. Incluye estuche met\u00e1lico. Medidas del estuche: 17.8 x 6 cm. <\/p>\n","protected":false},"featured_media":0,"comment_status":"closed","ping_status":"open","template":"","meta":[],"class_list":["post-17871","product","type-product","status-publish","hentry","product_cat-tecnologia","product_cat-usb","product_tag-winideas"],"_links":{"self":[{"href":"http:\/\/119.8.7.19\/masterprom\/wp-json\/wp\/v2\/product\/17871","targetHints":{"allow":["GET"]}}],"collection":[{"href":"http:\/\/119.8.7.19\/masterprom\/wp-json\/wp\/v2\/product"}],"about":[{"href":"http:\/\/119.8.7.19\/masterprom\/wp-json\/wp\/v2\/types\/product"}],"replies":[{"embeddable":true,"href":"http:\/\/119.8.7.19\/masterprom\/wp-json\/wp\/v2\/comments?post=17871"}],"wp:attachment":[{"href":"http:\/\/119.8.7.19\/masterprom\/wp-json\/wp\/v2\/media?parent=17871"}],"curies":[{"name":"wp","href":"https:\/\/api.w.org\/{rel}","templated":true}]}}