{"id":17855,"date":"2021-04-20T20:23:12","date_gmt":"2021-04-21T01:23:12","guid":{"rendered":"http:\/\/119.8.7.19\/masterprom\/producto\/cel-036\/"},"modified":"2021-04-20T20:23:13","modified_gmt":"2021-04-21T01:23:13","slug":"cel-036","status":"publish","type":"product","link":"http:\/\/119.8.7.19\/masterprom\/producto\/cel-036\/","title":{"rendered":"CEL-036"},"content":{"rendered":"<p>Cargador inal\u00e1mbrico namu (cargador inal\u00e1mbrico de escritorio para smartphone. incluye cable cargador. compatible con la mayor\u00eda de dispositivos comerciales que cuenten con tecnolog\u00eda de carga inal\u00e1mbrica. ) <\/p>\n","protected":false},"excerpt":{"rendered":"<p>Cargador inal\u00e1mbrico namu (cargador inal\u00e1mbrico de escritorio para smartphone. incluye cable cargador. compatible con la mayor\u00eda de dispositivos comerciales que cuenten con tecnolog\u00eda de carga inal\u00e1mbrica. ) <\/p>\n","protected":false},"featured_media":0,"comment_status":"closed","ping_status":"open","template":"","meta":[],"class_list":["post-17855","product","type-product","status-publish","hentry","product_cat-power-bank","product_cat-tecnologia","product_tag-promoopcion"],"_links":{"self":[{"href":"http:\/\/119.8.7.19\/masterprom\/wp-json\/wp\/v2\/product\/17855","targetHints":{"allow":["GET"]}}],"collection":[{"href":"http:\/\/119.8.7.19\/masterprom\/wp-json\/wp\/v2\/product"}],"about":[{"href":"http:\/\/119.8.7.19\/masterprom\/wp-json\/wp\/v2\/types\/product"}],"replies":[{"embeddable":true,"href":"http:\/\/119.8.7.19\/masterprom\/wp-json\/wp\/v2\/comments?post=17855"}],"wp:attachment":[{"href":"http:\/\/119.8.7.19\/masterprom\/wp-json\/wp\/v2\/media?parent=17855"}],"curies":[{"name":"wp","href":"https:\/\/api.w.org\/{rel}","templated":true}]}}