{"id":17854,"date":"2021-04-20T20:23:12","date_gmt":"2021-04-21T01:23:12","guid":{"rendered":"http:\/\/119.8.7.19\/masterprom\/producto\/set-008\/"},"modified":"2021-04-20T20:23:13","modified_gmt":"2021-04-21T01:23:13","slug":"set-008","status":"publish","type":"product","link":"http:\/\/119.8.7.19\/masterprom\/producto\/set-008\/","title":{"rendered":"SET-008"},"content":{"rendered":"<p>Kit power bank Umbriel (incluye bater\u00eda auxiliar de 8000 mAh, cable compatible con USB y micro USB, cargador para autom\u00f3vil con 2 puertos USB, aud\u00edfonos y estuche.) Negro Estuche \/ Blanco Accesorios<\/p>\n","protected":false},"excerpt":{"rendered":"<p>Kit power bank Umbriel (incluye bater\u00eda auxiliar de 8000 mAh, cable compatible con USB y micro USB, cargador para autom\u00f3vil con 2 puertos USB, aud\u00edfonos y estuche.) Negro Estuche \/ Blanco Accesorios<\/p>\n","protected":false},"featured_media":0,"comment_status":"closed","ping_status":"open","template":"","meta":[],"class_list":["post-17854","product","type-product","status-publish","hentry","product_cat-power-bank","product_cat-tecnologia","product_tag-promoopcion","pa_detalle-especifico-negro-estuche-blanco-accesorios"],"_links":{"self":[{"href":"http:\/\/119.8.7.19\/masterprom\/wp-json\/wp\/v2\/product\/17854","targetHints":{"allow":["GET"]}}],"collection":[{"href":"http:\/\/119.8.7.19\/masterprom\/wp-json\/wp\/v2\/product"}],"about":[{"href":"http:\/\/119.8.7.19\/masterprom\/wp-json\/wp\/v2\/types\/product"}],"replies":[{"embeddable":true,"href":"http:\/\/119.8.7.19\/masterprom\/wp-json\/wp\/v2\/comments?post=17854"}],"wp:attachment":[{"href":"http:\/\/119.8.7.19\/masterprom\/wp-json\/wp\/v2\/media?parent=17854"}],"curies":[{"name":"wp","href":"https:\/\/api.w.org\/{rel}","templated":true}]}}