{"id":17839,"date":"2021-04-20T20:23:08","date_gmt":"2021-04-21T01:23:08","guid":{"rendered":"http:\/\/119.8.7.19\/masterprom\/producto\/070tec001\/"},"modified":"2021-04-20T20:23:10","modified_gmt":"2021-04-21T01:23:10","slug":"070tec001","status":"publish","type":"product","link":"http:\/\/119.8.7.19\/masterprom\/producto\/070tec001\/","title":{"rendered":"070TEC001"},"content":{"rendered":"<p>Bater\u00eda port\u00e1til Marca TSST, con un puerto de Carga R\u00e1pida de 1.5\u00aa. Compatible con todos los dispositivos m\u00f3viles, y sistemas operativos. Posee un regulador de picos de voltaje que nunca da\u00f1ar\u00e1n tus dispositivos. L\u00e1mpara LED adaptable incluida. Con un indicador LED de 4 tiempos para verificar el nivel de carga. La Marca TSST cuenta Tecnolog\u00eda SAMSUNG SDI. TB030NA\/SAPT- Lovely Pink. Capacidad: 3,000 mAh @ 3.78 V, Capacidad de Carga: 1,776 mAh @ 5V, Entrada: Micro USB 1.5A \/ 5V, Salida: USB 1.5A \/ 5V, Peso 80g. Temperatura de Funcionamiento : Carga 0 ~ 45? \/ Descarga -10 ~ 50? <\/p>\n","protected":false},"excerpt":{"rendered":"<p>Bater\u00eda port\u00e1til Marca TSST, con un puerto de Carga R\u00e1pida de 1.5\u00aa. Compatible con todos los dispositivos m\u00f3viles, y sistemas operativos. Posee un regulador de picos de voltaje que nunca da\u00f1ar\u00e1n tus dispositivos. L\u00e1mpara LED adaptable incluida. Con un indicador LED de 4 tiempos para verificar el nivel de carga. La Marca TSST cuenta Tecnolog\u00eda SAMSUNG SDI. TB030NA\/SAPT- Lovely Pink. Capacidad: 3,000 mAh @ 3.78 V, Capacidad de Carga: 1,776 mAh @ 5V, Entrada: Micro USB 1.5A \/ 5V, Salida: USB 1.5A \/ 5V, Peso 80g. Temperatura de Funcionamiento : Carga 0 ~ 45? \/ Descarga -10 ~ 50? <\/p>\n","protected":false},"featured_media":0,"comment_status":"closed","ping_status":"open","template":"","meta":[],"class_list":["post-17839","product","type-product","status-publish","hentry","product_cat-power-bank","product_cat-tecnologia","product_tag-sunline"],"_links":{"self":[{"href":"http:\/\/119.8.7.19\/masterprom\/wp-json\/wp\/v2\/product\/17839","targetHints":{"allow":["GET"]}}],"collection":[{"href":"http:\/\/119.8.7.19\/masterprom\/wp-json\/wp\/v2\/product"}],"about":[{"href":"http:\/\/119.8.7.19\/masterprom\/wp-json\/wp\/v2\/types\/product"}],"replies":[{"embeddable":true,"href":"http:\/\/119.8.7.19\/masterprom\/wp-json\/wp\/v2\/comments?post=17839"}],"wp:attachment":[{"href":"http:\/\/119.8.7.19\/masterprom\/wp-json\/wp\/v2\/media?parent=17839"}],"curies":[{"name":"wp","href":"https:\/\/api.w.org\/{rel}","templated":true}]}}