{"id":17836,"date":"2021-04-20T20:23:08","date_gmt":"2021-04-21T01:23:08","guid":{"rendered":"http:\/\/119.8.7.19\/masterprom\/producto\/ec691\/"},"modified":"2021-04-20T20:23:10","modified_gmt":"2021-04-21T01:23:10","slug":"ec691","status":"publish","type":"product","link":"http:\/\/119.8.7.19\/masterprom\/producto\/ec691\/","title":{"rendered":"EC691"},"content":{"rendered":"<p>Power bank &#8220;max&#8221; capacidad 10.000 mah. bater\u00eda port\u00e1til para celular, ipad, ipod, mp3, mp4 y c\u00e1maras digitales. dos puertos usb y un mini puerto usb. luces indicadoras de nivel de carga. con certificaci\u00f3n de calidad. 15 x 7,4 x 4 cm. (medidas del estuche) 14 x 6,4 x 2,3 cm. (medidas de la power bank)<\/p>\n","protected":false},"excerpt":{"rendered":"<p>Power bank &#8220;max&#8221; capacidad 10.000 mah. bater\u00eda port\u00e1til para celular, ipad, ipod, mp3, mp4 y c\u00e1maras digitales. dos puertos usb y un mini puerto usb. luces indicadoras de nivel de carga. con certificaci\u00f3n de calidad. 15 x 7,4 x 4 cm. (medidas del estuche) 14 x 6,4 x 2,3 cm. (medidas de la power bank)<\/p>\n","protected":false},"featured_media":0,"comment_status":"closed","ping_status":"open","template":"","meta":[],"class_list":["post-17836","product","type-product","status-publish","hentry","product_cat-power-bank","product_cat-tecnologia","product_tag-cdo","pa_detalle-especifico-15-x-74-x-4-cm-medidas-del-estuche-14-x-64-x-23-cm-medidas-de-la-power-bank"],"_links":{"self":[{"href":"http:\/\/119.8.7.19\/masterprom\/wp-json\/wp\/v2\/product\/17836","targetHints":{"allow":["GET"]}}],"collection":[{"href":"http:\/\/119.8.7.19\/masterprom\/wp-json\/wp\/v2\/product"}],"about":[{"href":"http:\/\/119.8.7.19\/masterprom\/wp-json\/wp\/v2\/types\/product"}],"replies":[{"embeddable":true,"href":"http:\/\/119.8.7.19\/masterprom\/wp-json\/wp\/v2\/comments?post=17836"}],"wp:attachment":[{"href":"http:\/\/119.8.7.19\/masterprom\/wp-json\/wp\/v2\/media?parent=17836"}],"curies":[{"name":"wp","href":"https:\/\/api.w.org\/{rel}","templated":true}]}}