{"id":17833,"date":"2021-04-20T20:23:08","date_gmt":"2021-04-21T01:23:08","guid":{"rendered":"http:\/\/119.8.7.19\/masterprom\/producto\/lum-al4\/"},"modified":"2021-04-20T20:23:10","modified_gmt":"2021-04-21T01:23:10","slug":"lum-al4","status":"publish","type":"product","link":"http:\/\/119.8.7.19\/masterprom\/producto\/lum-al4\/","title":{"rendered":"LUM-AL4"},"content":{"rendered":"<p>Pr\u00e1ctica bater\u00eda de Aluminio con dise\u00f1o plano. Capacidad de 4,000 MaHS, Lo que te permite realizar cargas de alta velocidad cuando no tienes acceso a una corriente el\u00e9ctrica. Cuenta con protecci\u00f3n anti incendio, sistema anti corto circuito, Leds indicadores de carga y funda protectora. Incluye cable de carga universal. <\/p>\n","protected":false},"excerpt":{"rendered":"<p>Pr\u00e1ctica bater\u00eda de Aluminio con dise\u00f1o plano. Capacidad de 4,000 MaHS, Lo que te permite realizar cargas de alta velocidad cuando no tienes acceso a una corriente el\u00e9ctrica. Cuenta con protecci\u00f3n anti incendio, sistema anti corto circuito, Leds indicadores de carga y funda protectora. Incluye cable de carga universal. <\/p>\n","protected":false},"featured_media":0,"comment_status":"closed","ping_status":"open","template":"","meta":[],"class_list":["post-17833","product","type-product","status-publish","hentry","product_cat-power-bank","product_cat-tecnologia","product_tag-g4"],"_links":{"self":[{"href":"http:\/\/119.8.7.19\/masterprom\/wp-json\/wp\/v2\/product\/17833","targetHints":{"allow":["GET"]}}],"collection":[{"href":"http:\/\/119.8.7.19\/masterprom\/wp-json\/wp\/v2\/product"}],"about":[{"href":"http:\/\/119.8.7.19\/masterprom\/wp-json\/wp\/v2\/types\/product"}],"replies":[{"embeddable":true,"href":"http:\/\/119.8.7.19\/masterprom\/wp-json\/wp\/v2\/comments?post=17833"}],"wp:attachment":[{"href":"http:\/\/119.8.7.19\/masterprom\/wp-json\/wp\/v2\/media?parent=17833"}],"curies":[{"name":"wp","href":"https:\/\/api.w.org\/{rel}","templated":true}]}}