{"id":17831,"date":"2021-04-20T20:23:08","date_gmt":"2021-04-21T01:23:08","guid":{"rendered":"http:\/\/119.8.7.19\/masterprom\/producto\/a2143\/"},"modified":"2021-04-20T20:23:09","modified_gmt":"2021-04-21T01:23:09","slug":"a2143","status":"publish","type":"product","link":"http:\/\/119.8.7.19\/masterprom\/producto\/a2143\/","title":{"rendered":"A2143"},"content":{"rendered":"<p>Bater\u00eda Port\u00e1til de aluminio con dos entradas laterales para USB. De acuerdo a la carga, suministra energ\u00eda a tel\u00e9fonos inteligentes, iPad, tabletas, c\u00e1maras digitales, juegos, lectores digitales, mp3, mp4 y otros dispositivos digitales. La carga y descarga directa se realiza accionando un bot\u00f3n, luz LED indicadora del estado de la carga, DC 5v-1000 mAh, capacidad 2200 mAh, cable de micro USB a USB. Incluye caja. <\/p>\n","protected":false},"excerpt":{"rendered":"<p>Bater\u00eda Port\u00e1til de aluminio con dos entradas laterales para USB. De acuerdo a la carga, suministra energ\u00eda a tel\u00e9fonos inteligentes, iPad, tabletas, c\u00e1maras digitales, juegos, lectores digitales, mp3, mp4 y otros dispositivos digitales. La carga y descarga directa se realiza accionando un bot\u00f3n, luz LED indicadora del estado de la carga, DC 5v-1000 mAh, capacidad 2200 mAh, cable de micro USB a USB. Incluye caja. <\/p>\n","protected":false},"featured_media":0,"comment_status":"closed","ping_status":"open","template":"","meta":[],"class_list":["post-17831","product","type-product","status-publish","hentry","product_cat-power-bank","product_cat-tecnologia","product_tag-winideas"],"_links":{"self":[{"href":"http:\/\/119.8.7.19\/masterprom\/wp-json\/wp\/v2\/product\/17831","targetHints":{"allow":["GET"]}}],"collection":[{"href":"http:\/\/119.8.7.19\/masterprom\/wp-json\/wp\/v2\/product"}],"about":[{"href":"http:\/\/119.8.7.19\/masterprom\/wp-json\/wp\/v2\/types\/product"}],"replies":[{"embeddable":true,"href":"http:\/\/119.8.7.19\/masterprom\/wp-json\/wp\/v2\/comments?post=17831"}],"wp:attachment":[{"href":"http:\/\/119.8.7.19\/masterprom\/wp-json\/wp\/v2\/media?parent=17831"}],"curies":[{"name":"wp","href":"https:\/\/api.w.org\/{rel}","templated":true}]}}