{"id":17823,"date":"2021-04-20T20:23:05","date_gmt":"2021-04-21T01:23:05","guid":{"rendered":"http:\/\/119.8.7.19\/masterprom\/producto\/so-038\/"},"modified":"2021-04-21T23:11:13","modified_gmt":"2021-04-22T04:11:13","slug":"so-038","status":"publish","type":"product","link":"http:\/\/119.8.7.19\/masterprom\/producto\/so-038\/","title":{"rendered":"SO 038"},"content":{"rendered":"<p>Bater\u00eda port\u00e1til de pl\u00e1stico, para carga de tel\u00e9fonos, tablets, c\u00e1maras digitales, juegos, mp3, mp4. Incluye cable USB, capacidad de 4000 mAh.<\/p>\n","protected":false},"excerpt":{"rendered":"<p>Bater\u00eda port\u00e1til de pl\u00e1stico, para carga de tel\u00e9fonos, tablets, c\u00e1maras digitales, juegos, mp3, mp4. Incluye cable USB, capacidad de 4000 mAh.<\/p>\n","protected":false},"featured_media":18916,"comment_status":"closed","ping_status":"closed","template":"","meta":[],"class_list":["post-17823","product","type-product","status-publish","has-post-thumbnail","hentry","product_cat-power-bank","product_cat-tecnologia","product_tag-4-promotional"],"_links":{"self":[{"href":"http:\/\/119.8.7.19\/masterprom\/wp-json\/wp\/v2\/product\/17823","targetHints":{"allow":["GET"]}}],"collection":[{"href":"http:\/\/119.8.7.19\/masterprom\/wp-json\/wp\/v2\/product"}],"about":[{"href":"http:\/\/119.8.7.19\/masterprom\/wp-json\/wp\/v2\/types\/product"}],"replies":[{"embeddable":true,"href":"http:\/\/119.8.7.19\/masterprom\/wp-json\/wp\/v2\/comments?post=17823"}],"wp:featuredmedia":[{"embeddable":true,"href":"http:\/\/119.8.7.19\/masterprom\/wp-json\/wp\/v2\/media\/18916"}],"wp:attachment":[{"href":"http:\/\/119.8.7.19\/masterprom\/wp-json\/wp\/v2\/media?parent=17823"}],"curies":[{"name":"wp","href":"https:\/\/api.w.org\/{rel}","templated":true}]}}