{"id":17820,"date":"2021-04-20T20:23:05","date_gmt":"2021-04-21T01:23:05","guid":{"rendered":"http:\/\/119.8.7.19\/masterprom\/producto\/so-041\/"},"modified":"2021-04-21T23:09:23","modified_gmt":"2021-04-22T04:09:23","slug":"so-041","status":"publish","type":"product","link":"http:\/\/119.8.7.19\/masterprom\/producto\/so-041\/","title":{"rendered":"SO 041"},"content":{"rendered":"<p>Bater\u00eda port\u00e1til e inal\u00e1mbrica de metal con acabado rubber. Incluye cable USB, capacidad de 8000 mAh. Compatible con el sistema Qi.<\/p>\n","protected":false},"excerpt":{"rendered":"<p>Bater\u00eda port\u00e1til e inal\u00e1mbrica de metal con acabado rubber. Incluye cable USB, capacidad de 8000 mAh. Compatible con el sistema Qi.<\/p>\n","protected":false},"featured_media":18918,"comment_status":"closed","ping_status":"closed","template":"","meta":[],"class_list":["post-17820","product","type-product","status-publish","has-post-thumbnail","hentry","product_cat-power-bank","product_cat-tecnologia","product_tag-4-promotional"],"_links":{"self":[{"href":"http:\/\/119.8.7.19\/masterprom\/wp-json\/wp\/v2\/product\/17820","targetHints":{"allow":["GET"]}}],"collection":[{"href":"http:\/\/119.8.7.19\/masterprom\/wp-json\/wp\/v2\/product"}],"about":[{"href":"http:\/\/119.8.7.19\/masterprom\/wp-json\/wp\/v2\/types\/product"}],"replies":[{"embeddable":true,"href":"http:\/\/119.8.7.19\/masterprom\/wp-json\/wp\/v2\/comments?post=17820"}],"wp:featuredmedia":[{"embeddable":true,"href":"http:\/\/119.8.7.19\/masterprom\/wp-json\/wp\/v2\/media\/18918"}],"wp:attachment":[{"href":"http:\/\/119.8.7.19\/masterprom\/wp-json\/wp\/v2\/media?parent=17820"}],"curies":[{"name":"wp","href":"https:\/\/api.w.org\/{rel}","templated":true}]}}