{"id":17818,"date":"2021-04-20T20:23:05","date_gmt":"2021-04-21T01:23:05","guid":{"rendered":"http:\/\/119.8.7.19\/masterprom\/producto\/z-1100-2\/"},"modified":"2021-04-20T20:23:07","modified_gmt":"2021-04-21T01:23:07","slug":"z-1100-2","status":"publish","type":"product","link":"http:\/\/119.8.7.19\/masterprom\/producto\/z-1100-2\/","title":{"rendered":"Z-1100"},"content":{"rendered":"<p>Bocina rostov (bocinas bluetooth port\u00e1tiles tws con bater\u00eda recargable de 5 horas de reproducci\u00f3n de m\u00fasica y funci\u00f3n manos libres. controles integrados de llamada, volumen y reproducci\u00f3n de audio. a prueba de salpicaduras. bocinas desmontables para uso en espacios peque\u00f1os. cable cargador usb y collar incluidos. ) <\/p>\n","protected":false},"excerpt":{"rendered":"<p>Bocina rostov (bocinas bluetooth port\u00e1tiles tws con bater\u00eda recargable de 5 horas de reproducci\u00f3n de m\u00fasica y funci\u00f3n manos libres. controles integrados de llamada, volumen y reproducci\u00f3n de audio. a prueba de salpicaduras. bocinas desmontables para uso en espacios peque\u00f1os. cable cargador usb y collar incluidos. ) <\/p>\n","protected":false},"featured_media":0,"comment_status":"closed","ping_status":"open","template":"","meta":[],"class_list":["post-17818","product","type-product","status-publish","hentry","product_cat-audio","product_cat-tecnologia","product_tag-promoopcion"],"_links":{"self":[{"href":"http:\/\/119.8.7.19\/masterprom\/wp-json\/wp\/v2\/product\/17818","targetHints":{"allow":["GET"]}}],"collection":[{"href":"http:\/\/119.8.7.19\/masterprom\/wp-json\/wp\/v2\/product"}],"about":[{"href":"http:\/\/119.8.7.19\/masterprom\/wp-json\/wp\/v2\/types\/product"}],"replies":[{"embeddable":true,"href":"http:\/\/119.8.7.19\/masterprom\/wp-json\/wp\/v2\/comments?post=17818"}],"wp:attachment":[{"href":"http:\/\/119.8.7.19\/masterprom\/wp-json\/wp\/v2\/media?parent=17818"}],"curies":[{"name":"wp","href":"https:\/\/api.w.org\/{rel}","templated":true}]}}