{"id":17817,"date":"2021-04-20T20:23:05","date_gmt":"2021-04-21T01:23:05","guid":{"rendered":"http:\/\/119.8.7.19\/masterprom\/producto\/z-1080\/"},"modified":"2021-04-20T20:23:07","modified_gmt":"2021-04-21T01:23:07","slug":"z-1080","status":"publish","type":"product","link":"http:\/\/119.8.7.19\/masterprom\/producto\/z-1080\/","title":{"rendered":"Z-1080"},"content":{"rendered":"<p>Bocina friburgo (bocina bluetooth con bater\u00eda recargable. controles integrados de llamada, volumen y reproducci\u00f3n de audio. reproducci\u00f3n de tarjeta microsd y memoria usb, modo radio fm, funci\u00f3n manos libres. cable cargador usb incluido. ) <\/p>\n","protected":false},"excerpt":{"rendered":"<p>Bocina friburgo (bocina bluetooth con bater\u00eda recargable. controles integrados de llamada, volumen y reproducci\u00f3n de audio. reproducci\u00f3n de tarjeta microsd y memoria usb, modo radio fm, funci\u00f3n manos libres. cable cargador usb incluido. ) <\/p>\n","protected":false},"featured_media":0,"comment_status":"closed","ping_status":"open","template":"","meta":[],"class_list":["post-17817","product","type-product","status-publish","hentry","product_cat-audio","product_cat-tecnologia","product_tag-promoopcion"],"_links":{"self":[{"href":"http:\/\/119.8.7.19\/masterprom\/wp-json\/wp\/v2\/product\/17817","targetHints":{"allow":["GET"]}}],"collection":[{"href":"http:\/\/119.8.7.19\/masterprom\/wp-json\/wp\/v2\/product"}],"about":[{"href":"http:\/\/119.8.7.19\/masterprom\/wp-json\/wp\/v2\/types\/product"}],"replies":[{"embeddable":true,"href":"http:\/\/119.8.7.19\/masterprom\/wp-json\/wp\/v2\/comments?post=17817"}],"wp:attachment":[{"href":"http:\/\/119.8.7.19\/masterprom\/wp-json\/wp\/v2\/media?parent=17817"}],"curies":[{"name":"wp","href":"https:\/\/api.w.org\/{rel}","templated":true}]}}