{"id":17813,"date":"2021-04-20T20:23:05","date_gmt":"2021-04-21T01:23:05","guid":{"rendered":"http:\/\/119.8.7.19\/masterprom\/producto\/aud-023-2\/"},"modified":"2021-04-20T20:23:06","modified_gmt":"2021-04-21T01:23:06","slug":"aud-023-2","status":"publish","type":"product","link":"http:\/\/119.8.7.19\/masterprom\/producto\/aud-023-2\/","title":{"rendered":"AUD-023"},"content":{"rendered":"<p>Aud\u00edfonos agregy (aud\u00edfonos bluetooth. incluye cable cargador usb y cable de audio para escuchar m\u00fasica sin necesidad de bater\u00eda ni bluetooth. Bater\u00eda interna recargable (4 hrs de m\u00fasica aproximadamente). Funci\u00f3n manos libres. Controles integrados de llamada, volumen y reproducci\u00f3n de audio. Incluye funda. ) <\/p>\n","protected":false},"excerpt":{"rendered":"<p>Aud\u00edfonos agregy (aud\u00edfonos bluetooth. incluye cable cargador usb y cable de audio para escuchar m\u00fasica sin necesidad de bater\u00eda ni bluetooth. Bater\u00eda interna recargable (4 hrs de m\u00fasica aproximadamente). Funci\u00f3n manos libres. Controles integrados de llamada, volumen y reproducci\u00f3n de audio. Incluye funda. ) <\/p>\n","protected":false},"featured_media":0,"comment_status":"closed","ping_status":"open","template":"","meta":[],"class_list":["post-17813","product","type-product","status-publish","hentry","product_cat-audio","product_cat-tecnologia","product_tag-promoopcion"],"_links":{"self":[{"href":"http:\/\/119.8.7.19\/masterprom\/wp-json\/wp\/v2\/product\/17813","targetHints":{"allow":["GET"]}}],"collection":[{"href":"http:\/\/119.8.7.19\/masterprom\/wp-json\/wp\/v2\/product"}],"about":[{"href":"http:\/\/119.8.7.19\/masterprom\/wp-json\/wp\/v2\/types\/product"}],"replies":[{"embeddable":true,"href":"http:\/\/119.8.7.19\/masterprom\/wp-json\/wp\/v2\/comments?post=17813"}],"wp:attachment":[{"href":"http:\/\/119.8.7.19\/masterprom\/wp-json\/wp\/v2\/media?parent=17813"}],"curies":[{"name":"wp","href":"https:\/\/api.w.org\/{rel}","templated":true}]}}