{"id":17805,"date":"2021-04-20T20:23:05","date_gmt":"2021-04-21T01:23:05","guid":{"rendered":"http:\/\/119.8.7.19\/masterprom\/producto\/aud-010-2\/"},"modified":"2021-04-20T20:23:05","modified_gmt":"2021-04-21T01:23:05","slug":"aud-010-2","status":"publish","type":"product","link":"http:\/\/119.8.7.19\/masterprom\/producto\/aud-010-2\/","title":{"rendered":"AUD-010"},"content":{"rendered":"<p>Aud\u00edfonos ori\u00f3n (aud\u00edfonos bluetooth plegables con audio de alta resoluci\u00f3n. incluye cable cargador usb y funda. bater\u00eda interna recargable. funci\u00f3n manos libres. controles integrados de llamada, volumen y reproducci\u00f3n de audio. ) <\/p>\n","protected":false},"excerpt":{"rendered":"<p>Aud\u00edfonos ori\u00f3n (aud\u00edfonos bluetooth plegables con audio de alta resoluci\u00f3n. incluye cable cargador usb y funda. bater\u00eda interna recargable. funci\u00f3n manos libres. controles integrados de llamada, volumen y reproducci\u00f3n de audio. ) <\/p>\n","protected":false},"featured_media":0,"comment_status":"closed","ping_status":"open","template":"","meta":[],"class_list":["post-17805","product","type-product","status-publish","hentry","product_cat-audio","product_cat-tecnologia","product_tag-promoopcion"],"_links":{"self":[{"href":"http:\/\/119.8.7.19\/masterprom\/wp-json\/wp\/v2\/product\/17805","targetHints":{"allow":["GET"]}}],"collection":[{"href":"http:\/\/119.8.7.19\/masterprom\/wp-json\/wp\/v2\/product"}],"about":[{"href":"http:\/\/119.8.7.19\/masterprom\/wp-json\/wp\/v2\/types\/product"}],"replies":[{"embeddable":true,"href":"http:\/\/119.8.7.19\/masterprom\/wp-json\/wp\/v2\/comments?post=17805"}],"wp:attachment":[{"href":"http:\/\/119.8.7.19\/masterprom\/wp-json\/wp\/v2\/media?parent=17805"}],"curies":[{"name":"wp","href":"https:\/\/api.w.org\/{rel}","templated":true}]}}