{"id":17800,"date":"2021-04-20T20:23:02","date_gmt":"2021-04-21T01:23:02","guid":{"rendered":"http:\/\/119.8.7.19\/masterprom\/producto\/el12333\/"},"modified":"2021-04-20T20:23:04","modified_gmt":"2021-04-21T01:23:04","slug":"el12333","status":"publish","type":"product","link":"http:\/\/119.8.7.19\/masterprom\/producto\/el12333\/","title":{"rendered":"EL12333"},"content":{"rendered":"<p>Aud\u00edfonos bluetooth con estuche music con capacidad de bater\u00eda 500 mAh, distancia de Bluetooth 10 metros, incluye estuche y cable para cargar la bater\u00eda. <\/p>\n","protected":false},"excerpt":{"rendered":"<p>Aud\u00edfonos bluetooth con estuche music con capacidad de bater\u00eda 500 mAh, distancia de Bluetooth 10 metros, incluye estuche y cable para cargar la bater\u00eda. <\/p>\n","protected":false},"featured_media":0,"comment_status":"closed","ping_status":"open","template":"","meta":[],"class_list":["post-17800","product","type-product","status-publish","hentry","product_cat-audio","product_cat-tecnologia","product_tag-promoline"],"_links":{"self":[{"href":"http:\/\/119.8.7.19\/masterprom\/wp-json\/wp\/v2\/product\/17800","targetHints":{"allow":["GET"]}}],"collection":[{"href":"http:\/\/119.8.7.19\/masterprom\/wp-json\/wp\/v2\/product"}],"about":[{"href":"http:\/\/119.8.7.19\/masterprom\/wp-json\/wp\/v2\/types\/product"}],"replies":[{"embeddable":true,"href":"http:\/\/119.8.7.19\/masterprom\/wp-json\/wp\/v2\/comments?post=17800"}],"wp:attachment":[{"href":"http:\/\/119.8.7.19\/masterprom\/wp-json\/wp\/v2\/media?parent=17800"}],"curies":[{"name":"wp","href":"https:\/\/api.w.org\/{rel}","templated":true}]}}