{"id":17798,"date":"2021-04-20T20:23:02","date_gmt":"2021-04-21T01:23:02","guid":{"rendered":"http:\/\/119.8.7.19\/masterprom\/producto\/070tec003-2\/"},"modified":"2021-04-20T20:23:04","modified_gmt":"2021-04-21T01:23:04","slug":"070tec003-2","status":"publish","type":"product","link":"http:\/\/119.8.7.19\/masterprom\/producto\/070tec003-2\/","title":{"rendered":"070TEC003"},"content":{"rendered":"<p>Bocina Bluetooth Marca TSST (conexi\u00f3n inal\u00e1mbrica y al\u00e1mbrica) alcance mayor a 10m sin cable y entrada auxiliar de 3.5mm, compatible con todos los reproductores de audio. *Bocinas de Neodimio, material que reduce el consumo de energ\u00eda, aumenta la definici\u00f3n de graves y reduce el peso a tan solo 187g. La potencia de 6W (3W+3W) y doble bocina reproduce sonido Est\u00e9reo. Cuenta con una cubierta de imitaci\u00f3n piel, creada para adoptar diferentes posiciones con una textura y forma que te dar\u00e1 total libertad para colocarla sobre cualquier superficie o sujetarla desde cualquier caj\u00f3n. Amplificador de potencia: 3W x 2ch, Poder de salida: 90dB a 0.5m, Frecuencia: 150Hz &#8211; 20kHz, Entrada: Bluetooth o 3.5mm Entrada Aux, Bluetooth Ver V2.1 + EDR, Codec SBC, Tiempo de reproducci\u00f3n: 12 horas <\/p>\n","protected":false},"excerpt":{"rendered":"<p>Bocina Bluetooth Marca TSST (conexi\u00f3n inal\u00e1mbrica y al\u00e1mbrica) alcance mayor a 10m sin cable y entrada auxiliar de 3.5mm, compatible con todos los reproductores de audio. *Bocinas de Neodimio, material que reduce el consumo de energ\u00eda, aumenta la definici\u00f3n de graves y reduce el peso a tan solo 187g. La potencia de 6W (3W+3W) y doble bocina reproduce sonido Est\u00e9reo. Cuenta con una cubierta de imitaci\u00f3n piel, creada para adoptar diferentes posiciones con una textura y forma que te dar\u00e1 total libertad para colocarla sobre cualquier superficie o sujetarla desde cualquier caj\u00f3n. Amplificador de potencia: 3W x 2ch, Poder de salida: 90dB a 0.5m, Frecuencia: 150Hz &#8211; 20kHz, Entrada: Bluetooth o 3.5mm Entrada Aux, Bluetooth Ver V2.1 + EDR, Codec SBC, Tiempo de reproducci\u00f3n: 12 horas <\/p>\n","protected":false},"featured_media":0,"comment_status":"closed","ping_status":"open","template":"","meta":[],"class_list":["post-17798","product","type-product","status-publish","hentry","product_cat-audio","product_cat-tecnologia","product_tag-sunline"],"_links":{"self":[{"href":"http:\/\/119.8.7.19\/masterprom\/wp-json\/wp\/v2\/product\/17798","targetHints":{"allow":["GET"]}}],"collection":[{"href":"http:\/\/119.8.7.19\/masterprom\/wp-json\/wp\/v2\/product"}],"about":[{"href":"http:\/\/119.8.7.19\/masterprom\/wp-json\/wp\/v2\/types\/product"}],"replies":[{"embeddable":true,"href":"http:\/\/119.8.7.19\/masterprom\/wp-json\/wp\/v2\/comments?post=17798"}],"wp:attachment":[{"href":"http:\/\/119.8.7.19\/masterprom\/wp-json\/wp\/v2\/media?parent=17798"}],"curies":[{"name":"wp","href":"https:\/\/api.w.org\/{rel}","templated":true}]}}