{"id":17796,"date":"2021-04-20T20:23:02","date_gmt":"2021-04-21T01:23:02","guid":{"rendered":"http:\/\/119.8.7.19\/masterprom\/producto\/29-502-2\/"},"modified":"2021-04-20T20:23:04","modified_gmt":"2021-04-21T01:23:04","slug":"29-502-2","status":"publish","type":"product","link":"http:\/\/119.8.7.19\/masterprom\/producto\/29-502-2\/","title":{"rendered":"29-502"},"content":{"rendered":"<p>Bocina port\u00e1til bluetooth con micr\u00f3fono y bot\u00f3n integrado para llamadas. Experimenta un mundo de m\u00fasica en la palma de tu mano. El altavoz inal\u00e1mbrico NANO Lite ofrece reproducci\u00f3n de m\u00fasica de alta calidad, con su micr\u00f3fono incorporado tambi\u00e9n ofrece una experiencia impecable de llamadas de conferencia <\/p>\n","protected":false},"excerpt":{"rendered":"<p>Bocina port\u00e1til bluetooth con micr\u00f3fono y bot\u00f3n integrado para llamadas. Experimenta un mundo de m\u00fasica en la palma de tu mano. El altavoz inal\u00e1mbrico NANO Lite ofrece reproducci\u00f3n de m\u00fasica de alta calidad, con su micr\u00f3fono incorporado tambi\u00e9n ofrece una experiencia impecable de llamadas de conferencia <\/p>\n","protected":false},"featured_media":0,"comment_status":"closed","ping_status":"open","template":"","meta":[],"class_list":["post-17796","product","type-product","status-publish","hentry","product_cat-audio","product_cat-tecnologia","product_tag-blestar"],"_links":{"self":[{"href":"http:\/\/119.8.7.19\/masterprom\/wp-json\/wp\/v2\/product\/17796","targetHints":{"allow":["GET"]}}],"collection":[{"href":"http:\/\/119.8.7.19\/masterprom\/wp-json\/wp\/v2\/product"}],"about":[{"href":"http:\/\/119.8.7.19\/masterprom\/wp-json\/wp\/v2\/types\/product"}],"replies":[{"embeddable":true,"href":"http:\/\/119.8.7.19\/masterprom\/wp-json\/wp\/v2\/comments?post=17796"}],"wp:attachment":[{"href":"http:\/\/119.8.7.19\/masterprom\/wp-json\/wp\/v2\/media?parent=17796"}],"curies":[{"name":"wp","href":"https:\/\/api.w.org\/{rel}","templated":true}]}}