{"id":17793,"date":"2021-04-20T20:23:25","date_gmt":"2021-04-21T01:23:25","guid":{"rendered":"http:\/\/119.8.7.19\/masterprom\/producto\/t510\/"},"modified":"2021-04-20T20:23:26","modified_gmt":"2021-04-21T01:23:26","slug":"t510","status":"publish","type":"product","link":"http:\/\/119.8.7.19\/masterprom\/producto\/t510\/","title":{"rendered":"T510"},"content":{"rendered":"<p>Aud\u00edfonos en tubo, aud\u00edfonos con micr\u00f3fono, estuche cil\u00edndrico y tapa engomada con gancho. cable de 125 cm aprox. sonido estereo. conector mini plug 3,5 mm. bot\u00f3n para atender llamadas. <\/p>\n","protected":false},"excerpt":{"rendered":"<p>Aud\u00edfonos en tubo, aud\u00edfonos con micr\u00f3fono, estuche cil\u00edndrico y tapa engomada con gancho. cable de 125 cm aprox. sonido estereo. conector mini plug 3,5 mm. bot\u00f3n para atender llamadas. <\/p>\n","protected":false},"featured_media":0,"comment_status":"closed","ping_status":"open","template":"","meta":[],"class_list":["post-17793","product","type-product","status-publish","hentry","product_cat-accesorios","product_cat-audio","product_cat-tecnologia","product_tag-cdo"],"_links":{"self":[{"href":"http:\/\/119.8.7.19\/masterprom\/wp-json\/wp\/v2\/product\/17793","targetHints":{"allow":["GET"]}}],"collection":[{"href":"http:\/\/119.8.7.19\/masterprom\/wp-json\/wp\/v2\/product"}],"about":[{"href":"http:\/\/119.8.7.19\/masterprom\/wp-json\/wp\/v2\/types\/product"}],"replies":[{"embeddable":true,"href":"http:\/\/119.8.7.19\/masterprom\/wp-json\/wp\/v2\/comments?post=17793"}],"wp:attachment":[{"href":"http:\/\/119.8.7.19\/masterprom\/wp-json\/wp\/v2\/media?parent=17793"}],"curies":[{"name":"wp","href":"https:\/\/api.w.org\/{rel}","templated":true}]}}