{"id":17789,"date":"2021-04-20T20:23:02","date_gmt":"2021-04-21T01:23:02","guid":{"rendered":"http:\/\/119.8.7.19\/masterprom\/producto\/ec717\/"},"modified":"2021-04-20T20:23:03","modified_gmt":"2021-04-21T01:23:03","slug":"ec717","status":"publish","type":"product","link":"http:\/\/119.8.7.19\/masterprom\/producto\/ec717\/","title":{"rendered":"EC717"},"content":{"rendered":"<p>Aud\u00edfonos \u0093funn\u0094  aud\u00edfonos bluetooth. sujeci\u00f3n deportiva que asegura una buena fijaci\u00f3n. botones para aumentar \/ disminuir el volumen, aceptar y rechazar una llamada. en uno de los costados entrada mini usb para recargar la bater\u00eda. estuche redondo de eva pouch. Cable de 57,5 cm aprox.<\/p>\n","protected":false},"excerpt":{"rendered":"<p>Aud\u00edfonos \u0093funn\u0094  aud\u00edfonos bluetooth. sujeci\u00f3n deportiva que asegura una buena fijaci\u00f3n. botones para aumentar \/ disminuir el volumen, aceptar y rechazar una llamada. en uno de los costados entrada mini usb para recargar la bater\u00eda. estuche redondo de eva pouch. Cable de 57,5 cm aprox.<\/p>\n","protected":false},"featured_media":0,"comment_status":"closed","ping_status":"open","template":"","meta":[],"class_list":["post-17789","product","type-product","status-publish","hentry","product_cat-audio","product_cat-tecnologia","product_tag-cdo","pa_detalle-especifico-cable-de-575-cm-aprox"],"_links":{"self":[{"href":"http:\/\/119.8.7.19\/masterprom\/wp-json\/wp\/v2\/product\/17789","targetHints":{"allow":["GET"]}}],"collection":[{"href":"http:\/\/119.8.7.19\/masterprom\/wp-json\/wp\/v2\/product"}],"about":[{"href":"http:\/\/119.8.7.19\/masterprom\/wp-json\/wp\/v2\/types\/product"}],"replies":[{"embeddable":true,"href":"http:\/\/119.8.7.19\/masterprom\/wp-json\/wp\/v2\/comments?post=17789"}],"wp:attachment":[{"href":"http:\/\/119.8.7.19\/masterprom\/wp-json\/wp\/v2\/media?parent=17789"}],"curies":[{"name":"wp","href":"https:\/\/api.w.org\/{rel}","templated":true}]}}