{"id":17786,"date":"2021-04-20T20:23:02","date_gmt":"2021-04-21T01:23:02","guid":{"rendered":"http:\/\/119.8.7.19\/masterprom\/producto\/boc-cla\/"},"modified":"2021-04-20T20:23:02","modified_gmt":"2021-04-21T01:23:02","slug":"boc-cla","status":"publish","type":"product","link":"http:\/\/119.8.7.19\/masterprom\/producto\/boc-cla\/","title":{"rendered":"BOC-CLA"},"content":{"rendered":"<p>Bocina Inal\u00e1mbrica y recargable. Aluminio negro. Bluetooth de gran alcance. Permite escuchar m\u00fasica desde el m\u00f3vil, o cualquier aparato habilitado con sistema Bluetooth. Sonido claro, potente y cristalino. Panel de control lateral. Puedes hacer \u00f3 contestar llamadas mientras escuchas m\u00fasica; el sonido se pausar\u00e1 al recibir la llamada y continuar\u00e1 una vez finalizada. Dura hasta 6 horas. Tiempo de carga aproximada: 3 horas. Incluye cable de carga Micro USB, cable AUX, manual de usuario y funda. <\/p>\n","protected":false},"excerpt":{"rendered":"<p>Bocina Inal\u00e1mbrica y recargable. Aluminio negro. Bluetooth de gran alcance. Permite escuchar m\u00fasica desde el m\u00f3vil, o cualquier aparato habilitado con sistema Bluetooth. Sonido claro, potente y cristalino. Panel de control lateral. Puedes hacer \u00f3 contestar llamadas mientras escuchas m\u00fasica; el sonido se pausar\u00e1 al recibir la llamada y continuar\u00e1 una vez finalizada. Dura hasta 6 horas. Tiempo de carga aproximada: 3 horas. Incluye cable de carga Micro USB, cable AUX, manual de usuario y funda. <\/p>\n","protected":false},"featured_media":0,"comment_status":"closed","ping_status":"open","template":"","meta":[],"class_list":["post-17786","product","type-product","status-publish","hentry","product_cat-audio","product_cat-tecnologia","product_tag-g4"],"_links":{"self":[{"href":"http:\/\/119.8.7.19\/masterprom\/wp-json\/wp\/v2\/product\/17786","targetHints":{"allow":["GET"]}}],"collection":[{"href":"http:\/\/119.8.7.19\/masterprom\/wp-json\/wp\/v2\/product"}],"about":[{"href":"http:\/\/119.8.7.19\/masterprom\/wp-json\/wp\/v2\/types\/product"}],"replies":[{"embeddable":true,"href":"http:\/\/119.8.7.19\/masterprom\/wp-json\/wp\/v2\/comments?post=17786"}],"wp:attachment":[{"href":"http:\/\/119.8.7.19\/masterprom\/wp-json\/wp\/v2\/media?parent=17786"}],"curies":[{"name":"wp","href":"https:\/\/api.w.org\/{rel}","templated":true}]}}