{"id":17785,"date":"2021-04-20T20:23:02","date_gmt":"2021-04-21T01:23:02","guid":{"rendered":"http:\/\/119.8.7.19\/masterprom\/producto\/a2392\/"},"modified":"2021-04-20T20:23:02","modified_gmt":"2021-04-21T01:23:02","slug":"a2392","status":"publish","type":"product","link":"http:\/\/119.8.7.19\/masterprom\/producto\/a2392\/","title":{"rendered":"A2392"},"content":{"rendered":"<p>Aud\u00edfonos personales con base circular dise\u00f1ada para guardar los cables sin que se enreden. La base cuenta con clip para sostenerse en el cintur\u00f3n o mochila. Para guardarse, se sujeta un extremo en la hendidura del reverso de la base y se enrollan los cables. Extensi\u00f3n total: 122 cm. <\/p>\n","protected":false},"excerpt":{"rendered":"<p>Aud\u00edfonos personales con base circular dise\u00f1ada para guardar los cables sin que se enreden. La base cuenta con clip para sostenerse en el cintur\u00f3n o mochila. Para guardarse, se sujeta un extremo en la hendidura del reverso de la base y se enrollan los cables. Extensi\u00f3n total: 122 cm. <\/p>\n","protected":false},"featured_media":0,"comment_status":"closed","ping_status":"open","template":"","meta":[],"class_list":["post-17785","product","type-product","status-publish","hentry","product_cat-audio","product_cat-tecnologia","product_tag-winideas"],"_links":{"self":[{"href":"http:\/\/119.8.7.19\/masterprom\/wp-json\/wp\/v2\/product\/17785","targetHints":{"allow":["GET"]}}],"collection":[{"href":"http:\/\/119.8.7.19\/masterprom\/wp-json\/wp\/v2\/product"}],"about":[{"href":"http:\/\/119.8.7.19\/masterprom\/wp-json\/wp\/v2\/types\/product"}],"replies":[{"embeddable":true,"href":"http:\/\/119.8.7.19\/masterprom\/wp-json\/wp\/v2\/comments?post=17785"}],"wp:attachment":[{"href":"http:\/\/119.8.7.19\/masterprom\/wp-json\/wp\/v2\/media?parent=17785"}],"curies":[{"name":"wp","href":"https:\/\/api.w.org\/{rel}","templated":true}]}}