{"id":17783,"date":"2021-04-20T20:22:59","date_gmt":"2021-04-21T01:22:59","guid":{"rendered":"http:\/\/119.8.7.19\/masterprom\/producto\/a2514\/"},"modified":"2021-04-20T20:23:01","modified_gmt":"2021-04-21T01:23:01","slug":"a2514","status":"publish","type":"product","link":"http:\/\/119.8.7.19\/masterprom\/producto\/a2514\/","title":{"rendered":"A2514"},"content":{"rendered":"<p>Aud\u00edfonos bluetooth con reproductor de audio y manos libres. Cuenta con dispositivo encendido\/apagado, controlador de volumen, bot\u00f3n multifunci\u00f3n para adelantar y retroceder pista, contestar llamadas y marcar la \u00faltima llamada de salida. Presentaci\u00f3n: estuche con cierre al color de los aud\u00edfonos. MEDIDAS: Extendidos 59.5 cm \/ Estuche \u00d8 9 x 3.5 cm <\/p>\n","protected":false},"excerpt":{"rendered":"<p>Aud\u00edfonos bluetooth con reproductor de audio y manos libres. Cuenta con dispositivo encendido\/apagado, controlador de volumen, bot\u00f3n multifunci\u00f3n para adelantar y retroceder pista, contestar llamadas y marcar la \u00faltima llamada de salida. Presentaci\u00f3n: estuche con cierre al color de los aud\u00edfonos. MEDIDAS: Extendidos 59.5 cm \/ Estuche \u00d8 9 x 3.5 cm <\/p>\n","protected":false},"featured_media":0,"comment_status":"closed","ping_status":"open","template":"","meta":[],"class_list":["post-17783","product","type-product","status-publish","hentry","product_cat-audio","product_cat-tecnologia","product_tag-winideas"],"_links":{"self":[{"href":"http:\/\/119.8.7.19\/masterprom\/wp-json\/wp\/v2\/product\/17783","targetHints":{"allow":["GET"]}}],"collection":[{"href":"http:\/\/119.8.7.19\/masterprom\/wp-json\/wp\/v2\/product"}],"about":[{"href":"http:\/\/119.8.7.19\/masterprom\/wp-json\/wp\/v2\/types\/product"}],"replies":[{"embeddable":true,"href":"http:\/\/119.8.7.19\/masterprom\/wp-json\/wp\/v2\/comments?post=17783"}],"wp:attachment":[{"href":"http:\/\/119.8.7.19\/masterprom\/wp-json\/wp\/v2\/media?parent=17783"}],"curies":[{"name":"wp","href":"https:\/\/api.w.org\/{rel}","templated":true}]}}