{"id":17782,"date":"2021-04-20T20:22:59","date_gmt":"2021-04-21T01:22:59","guid":{"rendered":"http:\/\/119.8.7.19\/masterprom\/producto\/a2210\/"},"modified":"2021-04-20T20:23:01","modified_gmt":"2021-04-21T01:23:01","slug":"a2210","status":"publish","type":"product","link":"http:\/\/119.8.7.19\/masterprom\/producto\/a2210\/","title":{"rendered":"A2210"},"content":{"rendered":"<p>Aud\u00edfonos de diadema ajustables, se pueden compactar pleg\u00e1ndolos para llevar en bolsa o mochila, los auriculares cuentan con almohadillas protectoras. Incluyen bolsa de tela con jareta, seg\u00fan el color de los aud\u00edfonos. Extensi\u00f3n de cable: 109 cm <\/p>\n","protected":false},"excerpt":{"rendered":"<p>Aud\u00edfonos de diadema ajustables, se pueden compactar pleg\u00e1ndolos para llevar en bolsa o mochila, los auriculares cuentan con almohadillas protectoras. Incluyen bolsa de tela con jareta, seg\u00fan el color de los aud\u00edfonos. Extensi\u00f3n de cable: 109 cm <\/p>\n","protected":false},"featured_media":0,"comment_status":"closed","ping_status":"open","template":"","meta":[],"class_list":["post-17782","product","type-product","status-publish","hentry","product_cat-audio","product_cat-tecnologia","product_tag-winideas"],"_links":{"self":[{"href":"http:\/\/119.8.7.19\/masterprom\/wp-json\/wp\/v2\/product\/17782","targetHints":{"allow":["GET"]}}],"collection":[{"href":"http:\/\/119.8.7.19\/masterprom\/wp-json\/wp\/v2\/product"}],"about":[{"href":"http:\/\/119.8.7.19\/masterprom\/wp-json\/wp\/v2\/types\/product"}],"replies":[{"embeddable":true,"href":"http:\/\/119.8.7.19\/masterprom\/wp-json\/wp\/v2\/comments?post=17782"}],"wp:attachment":[{"href":"http:\/\/119.8.7.19\/masterprom\/wp-json\/wp\/v2\/media?parent=17782"}],"curies":[{"name":"wp","href":"https:\/\/api.w.org\/{rel}","templated":true}]}}