{"id":17780,"date":"2021-04-20T20:22:59","date_gmt":"2021-04-21T01:22:59","guid":{"rendered":"http:\/\/119.8.7.19\/masterprom\/producto\/a2431\/"},"modified":"2021-04-20T20:23:01","modified_gmt":"2021-04-21T01:23:01","slug":"a2431","status":"publish","type":"product","link":"http:\/\/119.8.7.19\/masterprom\/producto\/a2431\/","title":{"rendered":"A2431"},"content":{"rendered":"<p>Bocina bluetooth con power bank. Cuenta con cargador port\u00e1til movil para tel\u00e9fono y otros dispositivos digitales, manos libres, entrada para tarjeta micro SD y reproductor de audio MP3, cable USB, tarjeta de audio incorporada que proporciona entrada ISDN (red digital de servicios integrados) y entrada de audio AUX. Reproduce autom\u00e1ticamente desde el punto de interrupci\u00f3n y cuenta con tecnolog\u00eda r\u00e1pida para cargar. Presentaci\u00f3n: caja en color blanco. <\/p>\n","protected":false},"excerpt":{"rendered":"<p>Bocina bluetooth con power bank. Cuenta con cargador port\u00e1til movil para tel\u00e9fono y otros dispositivos digitales, manos libres, entrada para tarjeta micro SD y reproductor de audio MP3, cable USB, tarjeta de audio incorporada que proporciona entrada ISDN (red digital de servicios integrados) y entrada de audio AUX. Reproduce autom\u00e1ticamente desde el punto de interrupci\u00f3n y cuenta con tecnolog\u00eda r\u00e1pida para cargar. Presentaci\u00f3n: caja en color blanco. <\/p>\n","protected":false},"featured_media":0,"comment_status":"closed","ping_status":"open","template":"","meta":[],"class_list":["post-17780","product","type-product","status-publish","hentry","product_cat-audio","product_cat-tecnologia","product_tag-winideas"],"_links":{"self":[{"href":"http:\/\/119.8.7.19\/masterprom\/wp-json\/wp\/v2\/product\/17780","targetHints":{"allow":["GET"]}}],"collection":[{"href":"http:\/\/119.8.7.19\/masterprom\/wp-json\/wp\/v2\/product"}],"about":[{"href":"http:\/\/119.8.7.19\/masterprom\/wp-json\/wp\/v2\/types\/product"}],"replies":[{"embeddable":true,"href":"http:\/\/119.8.7.19\/masterprom\/wp-json\/wp\/v2\/comments?post=17780"}],"wp:attachment":[{"href":"http:\/\/119.8.7.19\/masterprom\/wp-json\/wp\/v2\/media?parent=17780"}],"curies":[{"name":"wp","href":"https:\/\/api.w.org\/{rel}","templated":true}]}}