{"id":17779,"date":"2021-04-20T20:22:59","date_gmt":"2021-04-21T01:22:59","guid":{"rendered":"http:\/\/119.8.7.19\/masterprom\/producto\/th-038\/"},"modified":"2021-04-20T20:23:01","modified_gmt":"2021-04-21T01:23:01","slug":"th-038","status":"publish","type":"product","link":"http:\/\/119.8.7.19\/masterprom\/producto\/th-038\/","title":{"rendered":"TH-038"},"content":{"rendered":"<p>Bocina met\u00e1lica inal\u00e1mbrica con bluetooth, recargable con botones para cada funci\u00f3n, sonido inigualable y detalle de luz led en la parte inferior. <\/p>\n","protected":false},"excerpt":{"rendered":"<p>Bocina met\u00e1lica inal\u00e1mbrica con bluetooth, recargable con botones para cada funci\u00f3n, sonido inigualable y detalle de luz led en la parte inferior. <\/p>\n","protected":false},"featured_media":0,"comment_status":"closed","ping_status":"open","template":"","meta":[],"class_list":["post-17779","product","type-product","status-publish","hentry","product_cat-audio","product_cat-tecnologia","product_tag-innova"],"_links":{"self":[{"href":"http:\/\/119.8.7.19\/masterprom\/wp-json\/wp\/v2\/product\/17779","targetHints":{"allow":["GET"]}}],"collection":[{"href":"http:\/\/119.8.7.19\/masterprom\/wp-json\/wp\/v2\/product"}],"about":[{"href":"http:\/\/119.8.7.19\/masterprom\/wp-json\/wp\/v2\/types\/product"}],"replies":[{"embeddable":true,"href":"http:\/\/119.8.7.19\/masterprom\/wp-json\/wp\/v2\/comments?post=17779"}],"wp:attachment":[{"href":"http:\/\/119.8.7.19\/masterprom\/wp-json\/wp\/v2\/media?parent=17779"}],"curies":[{"name":"wp","href":"https:\/\/api.w.org\/{rel}","templated":true}]}}