{"id":17776,"date":"2021-04-20T20:22:59","date_gmt":"2021-04-21T01:22:59","guid":{"rendered":"http:\/\/119.8.7.19\/masterprom\/producto\/th-057\/"},"modified":"2021-04-20T20:23:00","modified_gmt":"2021-04-21T01:23:00","slug":"th-057","status":"publish","type":"product","link":"http:\/\/119.8.7.19\/masterprom\/producto\/th-057\/","title":{"rendered":"TH-057"},"content":{"rendered":"<p>Aud\u00edfonos de pl\u00e1stico con bluetooth, radio fm, tarjeta sd, control de volumen, manos libres y conexi\u00f3n aux. <\/p>\n","protected":false},"excerpt":{"rendered":"<p>Aud\u00edfonos de pl\u00e1stico con bluetooth, radio fm, tarjeta sd, control de volumen, manos libres y conexi\u00f3n aux. <\/p>\n","protected":false},"featured_media":0,"comment_status":"closed","ping_status":"open","template":"","meta":[],"class_list":["post-17776","product","type-product","status-publish","hentry","product_cat-audio","product_cat-tecnologia","product_tag-innova"],"_links":{"self":[{"href":"http:\/\/119.8.7.19\/masterprom\/wp-json\/wp\/v2\/product\/17776","targetHints":{"allow":["GET"]}}],"collection":[{"href":"http:\/\/119.8.7.19\/masterprom\/wp-json\/wp\/v2\/product"}],"about":[{"href":"http:\/\/119.8.7.19\/masterprom\/wp-json\/wp\/v2\/types\/product"}],"replies":[{"embeddable":true,"href":"http:\/\/119.8.7.19\/masterprom\/wp-json\/wp\/v2\/comments?post=17776"}],"wp:attachment":[{"href":"http:\/\/119.8.7.19\/masterprom\/wp-json\/wp\/v2\/media?parent=17776"}],"curies":[{"name":"wp","href":"https:\/\/api.w.org\/{rel}","templated":true}]}}