{"id":17775,"date":"2021-04-20T20:22:59","date_gmt":"2021-04-21T01:22:59","guid":{"rendered":"http:\/\/119.8.7.19\/masterprom\/producto\/th-072\/"},"modified":"2021-04-20T20:23:00","modified_gmt":"2021-04-21T01:23:00","slug":"th-072","status":"publish","type":"product","link":"http:\/\/119.8.7.19\/masterprom\/producto\/th-072\/","title":{"rendered":"TH-072"},"content":{"rendered":"<p>Aud\u00edfonos inal\u00e1mbricos bluetooth con estuche met\u00e1lico rectangular para carga y funci\u00f2n de manos libres. <\/p>\n","protected":false},"excerpt":{"rendered":"<p>Aud\u00edfonos inal\u00e1mbricos bluetooth con estuche met\u00e1lico rectangular para carga y funci\u00f2n de manos libres. <\/p>\n","protected":false},"featured_media":0,"comment_status":"closed","ping_status":"open","template":"","meta":[],"class_list":["post-17775","product","type-product","status-publish","hentry","product_cat-audio","product_cat-tecnologia","product_tag-innova"],"_links":{"self":[{"href":"http:\/\/119.8.7.19\/masterprom\/wp-json\/wp\/v2\/product\/17775","targetHints":{"allow":["GET"]}}],"collection":[{"href":"http:\/\/119.8.7.19\/masterprom\/wp-json\/wp\/v2\/product"}],"about":[{"href":"http:\/\/119.8.7.19\/masterprom\/wp-json\/wp\/v2\/types\/product"}],"replies":[{"embeddable":true,"href":"http:\/\/119.8.7.19\/masterprom\/wp-json\/wp\/v2\/comments?post=17775"}],"wp:attachment":[{"href":"http:\/\/119.8.7.19\/masterprom\/wp-json\/wp\/v2\/media?parent=17775"}],"curies":[{"name":"wp","href":"https:\/\/api.w.org\/{rel}","templated":true}]}}