{"id":17771,"date":"2021-04-20T20:22:59","date_gmt":"2021-04-21T01:22:59","guid":{"rendered":"http:\/\/119.8.7.19\/masterprom\/producto\/so-022\/"},"modified":"2021-04-21T23:15:07","modified_gmt":"2021-04-22T04:15:07","slug":"so-022","status":"publish","type":"product","link":"http:\/\/119.8.7.19\/masterprom\/producto\/so-022\/","title":{"rendered":"SO 022"},"content":{"rendered":"<p>Aud\u00edfonos Bluetooth plegables con funci\u00f3n manos libres. Controles integrados de llamada, volumen y reproducci\u00f3n de audio. Incluye cable cargador, cable auxiliar y estuche.<\/p>\n","protected":false},"excerpt":{"rendered":"<p>Aud\u00edfonos Bluetooth plegables con funci\u00f3n manos libres. Controles integrados de llamada, volumen y reproducci\u00f3n de audio. Incluye cable cargador, cable auxiliar y estuche.<\/p>\n","protected":false},"featured_media":18899,"comment_status":"closed","ping_status":"closed","template":"","meta":[],"class_list":["post-17771","product","type-product","status-publish","has-post-thumbnail","hentry","product_cat-audio","product_cat-tecnologia","product_tag-4-promotional"],"_links":{"self":[{"href":"http:\/\/119.8.7.19\/masterprom\/wp-json\/wp\/v2\/product\/17771","targetHints":{"allow":["GET"]}}],"collection":[{"href":"http:\/\/119.8.7.19\/masterprom\/wp-json\/wp\/v2\/product"}],"about":[{"href":"http:\/\/119.8.7.19\/masterprom\/wp-json\/wp\/v2\/types\/product"}],"replies":[{"embeddable":true,"href":"http:\/\/119.8.7.19\/masterprom\/wp-json\/wp\/v2\/comments?post=17771"}],"wp:featuredmedia":[{"embeddable":true,"href":"http:\/\/119.8.7.19\/masterprom\/wp-json\/wp\/v2\/media\/18899"}],"wp:attachment":[{"href":"http:\/\/119.8.7.19\/masterprom\/wp-json\/wp\/v2\/media?parent=17771"}],"curies":[{"name":"wp","href":"https:\/\/api.w.org\/{rel}","templated":true}]}}