{"id":17768,"date":"2021-04-20T20:22:59","date_gmt":"2021-04-21T01:22:59","guid":{"rendered":"http:\/\/119.8.7.19\/masterprom\/producto\/so-019\/"},"modified":"2021-04-21T23:14:10","modified_gmt":"2021-04-22T04:14:10","slug":"so-019","status":"publish","type":"product","link":"http:\/\/119.8.7.19\/masterprom\/producto\/so-019\/","title":{"rendered":"SO 019"},"content":{"rendered":"<p>Bocina port\u00e1til de acabado rubber con display, cuenta con bluetooth, reproductor de audio, lector Micro SD, USB, auxiliar, radio y funci\u00f3n manos libres. Incluye cable de carga y auxiliar. Bater\u00eda recargable con duraci\u00f3n de 4 hrs.<\/p>\n","protected":false},"excerpt":{"rendered":"<p>Bocina port\u00e1til de acabado rubber con display, cuenta con bluetooth, reproductor de audio, lector Micro SD, USB, auxiliar, radio y funci\u00f3n manos libres. Incluye cable de carga y auxiliar. Bater\u00eda recargable con duraci\u00f3n de 4 hrs.<\/p>\n","protected":false},"featured_media":18896,"comment_status":"closed","ping_status":"closed","template":"","meta":[],"class_list":["post-17768","product","type-product","status-publish","has-post-thumbnail","hentry","product_cat-audio","product_cat-tecnologia","product_tag-4-promotional"],"_links":{"self":[{"href":"http:\/\/119.8.7.19\/masterprom\/wp-json\/wp\/v2\/product\/17768","targetHints":{"allow":["GET"]}}],"collection":[{"href":"http:\/\/119.8.7.19\/masterprom\/wp-json\/wp\/v2\/product"}],"about":[{"href":"http:\/\/119.8.7.19\/masterprom\/wp-json\/wp\/v2\/types\/product"}],"replies":[{"embeddable":true,"href":"http:\/\/119.8.7.19\/masterprom\/wp-json\/wp\/v2\/comments?post=17768"}],"wp:featuredmedia":[{"embeddable":true,"href":"http:\/\/119.8.7.19\/masterprom\/wp-json\/wp\/v2\/media\/18896"}],"wp:attachment":[{"href":"http:\/\/119.8.7.19\/masterprom\/wp-json\/wp\/v2\/media?parent=17768"}],"curies":[{"name":"wp","href":"https:\/\/api.w.org\/{rel}","templated":true}]}}