{"id":17767,"date":"2021-04-20T20:22:59","date_gmt":"2021-04-21T01:22:59","guid":{"rendered":"http:\/\/119.8.7.19\/masterprom\/producto\/so-027\/"},"modified":"2021-04-21T23:12:57","modified_gmt":"2021-04-22T04:12:57","slug":"so-027","status":"publish","type":"product","link":"http:\/\/119.8.7.19\/masterprom\/producto\/so-027\/","title":{"rendered":"SO 027"},"content":{"rendered":"<p>Bocina port\u00e1til con Bluetooth, Micro USB, auxiliar, Micro SD y bater\u00eda recargable. Incluye cable de carga y auxiliar. Bater\u00eda recargable con duraci\u00f3n de 4 hrs.<\/p>\n","protected":false},"excerpt":{"rendered":"<p>Bocina port\u00e1til con Bluetooth, Micro USB, auxiliar, Micro SD y bater\u00eda recargable. Incluye cable de carga y auxiliar. Bater\u00eda recargable con duraci\u00f3n de 4 hrs.<\/p>\n","protected":false},"featured_media":18904,"comment_status":"closed","ping_status":"closed","template":"","meta":[],"class_list":["post-17767","product","type-product","status-publish","has-post-thumbnail","hentry","product_cat-audio","product_cat-tecnologia","product_tag-4-promotional"],"_links":{"self":[{"href":"http:\/\/119.8.7.19\/masterprom\/wp-json\/wp\/v2\/product\/17767","targetHints":{"allow":["GET"]}}],"collection":[{"href":"http:\/\/119.8.7.19\/masterprom\/wp-json\/wp\/v2\/product"}],"about":[{"href":"http:\/\/119.8.7.19\/masterprom\/wp-json\/wp\/v2\/types\/product"}],"replies":[{"embeddable":true,"href":"http:\/\/119.8.7.19\/masterprom\/wp-json\/wp\/v2\/comments?post=17767"}],"wp:featuredmedia":[{"embeddable":true,"href":"http:\/\/119.8.7.19\/masterprom\/wp-json\/wp\/v2\/media\/18904"}],"wp:attachment":[{"href":"http:\/\/119.8.7.19\/masterprom\/wp-json\/wp\/v2\/media?parent=17767"}],"curies":[{"name":"wp","href":"https:\/\/api.w.org\/{rel}","templated":true}]}}