{"id":17764,"date":"2021-04-20T20:22:59","date_gmt":"2021-04-21T01:22:59","guid":{"rendered":"http:\/\/119.8.7.19\/masterprom\/producto\/so-055\/"},"modified":"2021-04-21T23:11:33","modified_gmt":"2021-04-22T04:11:33","slug":"so-055","status":"publish","type":"product","link":"http:\/\/119.8.7.19\/masterprom\/producto\/so-055\/","title":{"rendered":"SO 055"},"content":{"rendered":"<p>Bocina port\u00e1til estilo vintage con radio FM, Bluetooth, entrada micro SD y USB, bater\u00eda recargable con duraci\u00f3n aprox. de 1.5 horas. Incluye cable de carga.<\/p>\n","protected":false},"excerpt":{"rendered":"<p>Bocina port\u00e1til estilo vintage con radio FM, Bluetooth, entrada micro SD y USB, bater\u00eda recargable con duraci\u00f3n aprox. de 1.5 horas. Incluye cable de carga.<\/p>\n","protected":false},"featured_media":18933,"comment_status":"closed","ping_status":"closed","template":"","meta":[],"class_list":["post-17764","product","type-product","status-publish","has-post-thumbnail","hentry","product_cat-audio","product_cat-tecnologia","product_tag-4-promotional"],"_links":{"self":[{"href":"http:\/\/119.8.7.19\/masterprom\/wp-json\/wp\/v2\/product\/17764","targetHints":{"allow":["GET"]}}],"collection":[{"href":"http:\/\/119.8.7.19\/masterprom\/wp-json\/wp\/v2\/product"}],"about":[{"href":"http:\/\/119.8.7.19\/masterprom\/wp-json\/wp\/v2\/types\/product"}],"replies":[{"embeddable":true,"href":"http:\/\/119.8.7.19\/masterprom\/wp-json\/wp\/v2\/comments?post=17764"}],"wp:featuredmedia":[{"embeddable":true,"href":"http:\/\/119.8.7.19\/masterprom\/wp-json\/wp\/v2\/media\/18933"}],"wp:attachment":[{"href":"http:\/\/119.8.7.19\/masterprom\/wp-json\/wp\/v2\/media?parent=17764"}],"curies":[{"name":"wp","href":"https:\/\/api.w.org\/{rel}","templated":true}]}}