{"id":17751,"date":"2021-04-20T00:56:43","date_gmt":"2021-04-20T05:56:43","guid":{"rendered":"http:\/\/119.8.7.19\/masterprom\/producto\/pe51105\/"},"modified":"2021-04-20T00:56:46","modified_gmt":"2021-04-20T05:56:46","slug":"pe51105","status":"publish","type":"product","link":"http:\/\/119.8.7.19\/masterprom\/producto\/pe51105\/","title":{"rendered":"PE51105"},"content":{"rendered":"<p>Brazalete Multifunci\u00f3n con Luz LED, para luz intermitente deslizar el bot\u00f3n de encendido hacia la izquierda, para luz fija deslizar hacia la derecha, ponga el bot\u00f3n de encendido a la mitad para apagar.<\/p>\n","protected":false},"excerpt":{"rendered":"<p>Brazalete Multifunci\u00f3n con Luz LED, para luz intermitente deslizar el bot\u00f3n de encendido hacia la izquierda, para luz fija deslizar hacia la derecha, ponga el bot\u00f3n de encendido a la mitad para apagar.<\/p>\n","protected":false},"featured_media":0,"comment_status":"closed","ping_status":"open","template":"","meta":[],"class_list":["post-17751","product","type-product","status-publish","hentry","product_cat-fitness","product_tag-promoline"],"_links":{"self":[{"href":"http:\/\/119.8.7.19\/masterprom\/wp-json\/wp\/v2\/product\/17751","targetHints":{"allow":["GET"]}}],"collection":[{"href":"http:\/\/119.8.7.19\/masterprom\/wp-json\/wp\/v2\/product"}],"about":[{"href":"http:\/\/119.8.7.19\/masterprom\/wp-json\/wp\/v2\/types\/product"}],"replies":[{"embeddable":true,"href":"http:\/\/119.8.7.19\/masterprom\/wp-json\/wp\/v2\/comments?post=17751"}],"wp:attachment":[{"href":"http:\/\/119.8.7.19\/masterprom\/wp-json\/wp\/v2\/media?parent=17751"}],"curies":[{"name":"wp","href":"https:\/\/api.w.org\/{rel}","templated":true}]}}