{"id":17748,"date":"2021-04-20T00:56:43","date_gmt":"2021-04-20T05:56:43","guid":{"rendered":"http:\/\/119.8.7.19\/masterprom\/producto\/ml52001-2\/"},"modified":"2021-04-20T00:56:45","modified_gmt":"2021-04-20T05:56:45","slug":"ml52001-2","status":"publish","type":"product","link":"http:\/\/119.8.7.19\/masterprom\/producto\/ml52001-2\/","title":{"rendered":"ML52001"},"content":{"rendered":"<p>Maleta shockwave sport Compartimento principal con cierre. Bolsillo de dispositivos frontal de velcro con puerto para aud\u00edfonos. Cables tipo bungee el\u00e1sticos y arillo para bol\u00edgrafo . Correa para hombro ajustable y asas de contraste, para cargar.<\/p>\n","protected":false},"excerpt":{"rendered":"<p>Maleta shockwave sport Compartimento principal con cierre. Bolsillo de dispositivos frontal de velcro con puerto para aud\u00edfonos. Cables tipo bungee el\u00e1sticos y arillo para bol\u00edgrafo . Correa para hombro ajustable y asas de contraste, para cargar.<\/p>\n","protected":false},"featured_media":0,"comment_status":"closed","ping_status":"open","template":"","meta":[],"class_list":["post-17748","product","type-product","status-publish","hentry","product_cat-fitness","product_tag-promoline"],"_links":{"self":[{"href":"http:\/\/119.8.7.19\/masterprom\/wp-json\/wp\/v2\/product\/17748","targetHints":{"allow":["GET"]}}],"collection":[{"href":"http:\/\/119.8.7.19\/masterprom\/wp-json\/wp\/v2\/product"}],"about":[{"href":"http:\/\/119.8.7.19\/masterprom\/wp-json\/wp\/v2\/types\/product"}],"replies":[{"embeddable":true,"href":"http:\/\/119.8.7.19\/masterprom\/wp-json\/wp\/v2\/comments?post=17748"}],"wp:attachment":[{"href":"http:\/\/119.8.7.19\/masterprom\/wp-json\/wp\/v2\/media?parent=17748"}],"curies":[{"name":"wp","href":"https:\/\/api.w.org\/{rel}","templated":true}]}}