{"id":17721,"date":"2021-04-20T00:56:36","date_gmt":"2021-04-20T05:56:36","guid":{"rendered":"http:\/\/119.8.7.19\/masterprom\/producto\/a2160-2\/"},"modified":"2021-04-20T00:56:37","modified_gmt":"2021-04-20T05:56:37","slug":"a2160-2","status":"publish","type":"product","link":"http:\/\/119.8.7.19\/masterprom\/producto\/a2160-2\/","title":{"rendered":"A2160"},"content":{"rendered":"<p>Bol\u00edgrafo pl\u00e1stico color blanco con figura en clip de caricatura de doctor. Regalo ideal para m\u00e9dicos. Color blanco.<\/p>\n","protected":false},"excerpt":{"rendered":"<p>Bol\u00edgrafo pl\u00e1stico color blanco con figura en clip de caricatura de doctor. Regalo ideal para m\u00e9dicos. Color blanco.<\/p>\n","protected":false},"featured_media":0,"comment_status":"closed","ping_status":"open","template":"","meta":[],"class_list":["post-17721","product","type-product","status-publish","hentry","product_cat-salud-y-medicos","product_tag-winideas"],"_links":{"self":[{"href":"http:\/\/119.8.7.19\/masterprom\/wp-json\/wp\/v2\/product\/17721","targetHints":{"allow":["GET"]}}],"collection":[{"href":"http:\/\/119.8.7.19\/masterprom\/wp-json\/wp\/v2\/product"}],"about":[{"href":"http:\/\/119.8.7.19\/masterprom\/wp-json\/wp\/v2\/types\/product"}],"replies":[{"embeddable":true,"href":"http:\/\/119.8.7.19\/masterprom\/wp-json\/wp\/v2\/comments?post=17721"}],"wp:attachment":[{"href":"http:\/\/119.8.7.19\/masterprom\/wp-json\/wp\/v2\/media?parent=17721"}],"curies":[{"name":"wp","href":"https:\/\/api.w.org\/{rel}","templated":true}]}}