{"id":17708,"date":"2021-04-20T00:56:46","date_gmt":"2021-04-20T05:56:46","guid":{"rendered":"http:\/\/119.8.7.19\/masterprom\/producto\/sld-028\/"},"modified":"2021-04-20T00:56:46","modified_gmt":"2021-04-20T05:56:46","slug":"sld-028","status":"publish","type":"product","link":"http:\/\/119.8.7.19\/masterprom\/producto\/sld-028\/","title":{"rendered":"SLD-028"},"content":{"rendered":"<p>B\u00e1scula finish (b\u00e1scula digital. capacidad m\u00e1xima 180 kg. bater\u00eda (1 de bot\u00f3n) incluida.)<\/p>\n","protected":false},"excerpt":{"rendered":"<p>B\u00e1scula finish (b\u00e1scula digital. capacidad m\u00e1xima 180 kg. bater\u00eda (1 de bot\u00f3n) incluida.)<\/p>\n","protected":false},"featured_media":0,"comment_status":"closed","ping_status":"open","template":"","meta":[],"class_list":["post-17708","product","type-product","status-publish","hentry","product_cat-cuidado-personal","product_cat-fitness","product_cat-salud-y-medicos","product_tag-promoopcion"],"_links":{"self":[{"href":"http:\/\/119.8.7.19\/masterprom\/wp-json\/wp\/v2\/product\/17708","targetHints":{"allow":["GET"]}}],"collection":[{"href":"http:\/\/119.8.7.19\/masterprom\/wp-json\/wp\/v2\/product"}],"about":[{"href":"http:\/\/119.8.7.19\/masterprom\/wp-json\/wp\/v2\/types\/product"}],"replies":[{"embeddable":true,"href":"http:\/\/119.8.7.19\/masterprom\/wp-json\/wp\/v2\/comments?post=17708"}],"wp:attachment":[{"href":"http:\/\/119.8.7.19\/masterprom\/wp-json\/wp\/v2\/media?parent=17708"}],"curies":[{"name":"wp","href":"https:\/\/api.w.org\/{rel}","templated":true}]}}