{"id":17688,"date":"2021-04-20T00:56:39","date_gmt":"2021-04-20T05:56:39","guid":{"rendered":"http:\/\/119.8.7.19\/masterprom\/producto\/sa31013\/"},"modified":"2021-04-20T00:56:40","modified_gmt":"2021-04-20T05:56:40","slug":"sa31013","status":"publish","type":"product","link":"http:\/\/119.8.7.19\/masterprom\/producto\/sa31013\/","title":{"rendered":"SA31013"},"content":{"rendered":"<p>Cubrebocas b\u00e1sicos con forro, fabricados de popelina lisa y microfibra. Chif\u00f3n de algod\u00f3n en el interior. Producto sobre pedido. Capacidad de entrega semanal: 25,000 piezas. Pedidos m\u00ednimos de 100 piezas. El precio mostrado es por paquete.<br \/>\nDerivado de la naturaleza del producto no se aceptan cancelaciones y devoluciones en compras realizadas por cualquier medio.<\/p>\n","protected":false},"excerpt":{"rendered":"<p>Cubrebocas b\u00e1sicos con forro, fabricados de popelina lisa y microfibra. Chif\u00f3n de algod\u00f3n en el interior. Producto sobre pedido. Capacidad de entrega semanal: 25,000 piezas. Pedidos m\u00ednimos de 100 piezas. El precio mostrado es por paquete.<br \/>\nDerivado de la naturaleza del producto no se aceptan cancelaciones y devoluciones en compras realizadas por cualquier medio.<\/p>\n","protected":false},"featured_media":0,"comment_status":"closed","ping_status":"open","template":"","meta":[],"class_list":["post-17688","product","type-product","status-publish","hentry","product_cat-cuidado-personal","product_cat-salud-y-medicos","product_tag-promoline"],"_links":{"self":[{"href":"http:\/\/119.8.7.19\/masterprom\/wp-json\/wp\/v2\/product\/17688","targetHints":{"allow":["GET"]}}],"collection":[{"href":"http:\/\/119.8.7.19\/masterprom\/wp-json\/wp\/v2\/product"}],"about":[{"href":"http:\/\/119.8.7.19\/masterprom\/wp-json\/wp\/v2\/types\/product"}],"replies":[{"embeddable":true,"href":"http:\/\/119.8.7.19\/masterprom\/wp-json\/wp\/v2\/comments?post=17688"}],"wp:attachment":[{"href":"http:\/\/119.8.7.19\/masterprom\/wp-json\/wp\/v2\/media?parent=17688"}],"curies":[{"name":"wp","href":"https:\/\/api.w.org\/{rel}","templated":true}]}}