{"id":17687,"date":"2021-04-20T00:56:39","date_gmt":"2021-04-20T05:56:39","guid":{"rendered":"http:\/\/119.8.7.19\/masterprom\/producto\/sa31004\/"},"modified":"2021-04-20T00:56:40","modified_gmt":"2021-04-20T05:56:40","slug":"sa31004","status":"publish","type":"product","link":"http:\/\/119.8.7.19\/masterprom\/producto\/sa31004\/","title":{"rendered":"SA31004"},"content":{"rendered":"<p>Cubrebocas lavables elaborados de material poli\u00e9ster y elastano. Cada pieza tiene un uso m\u00e1ximo de 10 veces antes de desecharlo. La venta se realiza en m\u00faltiplos de 50 piezas. El precio mostrado es por paquete. Derivado de la naturaleza del producto no se aceptan cancelaciones y devoluciones en compras realizadas por cualquier medio.<\/p>\n","protected":false},"excerpt":{"rendered":"<p>Cubrebocas lavables elaborados de material poli\u00e9ster y elastano. Cada pieza tiene un uso m\u00e1ximo de 10 veces antes de desecharlo. La venta se realiza en m\u00faltiplos de 50 piezas. El precio mostrado es por paquete. Derivado de la naturaleza del producto no se aceptan cancelaciones y devoluciones en compras realizadas por cualquier medio.<\/p>\n","protected":false},"featured_media":0,"comment_status":"closed","ping_status":"open","template":"","meta":[],"class_list":["post-17687","product","type-product","status-publish","hentry","product_cat-cuidado-personal","product_cat-salud-y-medicos","product_tag-promoline"],"_links":{"self":[{"href":"http:\/\/119.8.7.19\/masterprom\/wp-json\/wp\/v2\/product\/17687","targetHints":{"allow":["GET"]}}],"collection":[{"href":"http:\/\/119.8.7.19\/masterprom\/wp-json\/wp\/v2\/product"}],"about":[{"href":"http:\/\/119.8.7.19\/masterprom\/wp-json\/wp\/v2\/types\/product"}],"replies":[{"embeddable":true,"href":"http:\/\/119.8.7.19\/masterprom\/wp-json\/wp\/v2\/comments?post=17687"}],"wp:attachment":[{"href":"http:\/\/119.8.7.19\/masterprom\/wp-json\/wp\/v2\/media?parent=17687"}],"curies":[{"name":"wp","href":"https:\/\/api.w.org\/{rel}","templated":true}]}}