{"id":17684,"date":"2021-04-20T00:56:39","date_gmt":"2021-04-20T05:56:39","guid":{"rendered":"http:\/\/119.8.7.19\/masterprom\/producto\/sa14013\/"},"modified":"2021-04-20T00:56:39","modified_gmt":"2021-04-20T05:56:39","slug":"sa14013","status":"publish","type":"product","link":"http:\/\/119.8.7.19\/masterprom\/producto\/sa14013\/","title":{"rendered":"SA14013"},"content":{"rendered":"<p>Sanitizador l\u00edquido con atomizador y botella cil\u00edndrica de pl\u00e1stico de 10ml. Derivado de la naturaleza del producto no se aceptan cancelaciones y devoluciones en compras realizadas por cualquier medio.<\/p>\n","protected":false},"excerpt":{"rendered":"<p>Sanitizador l\u00edquido con atomizador y botella cil\u00edndrica de pl\u00e1stico de 10ml. Derivado de la naturaleza del producto no se aceptan cancelaciones y devoluciones en compras realizadas por cualquier medio.<\/p>\n","protected":false},"featured_media":0,"comment_status":"closed","ping_status":"open","template":"","meta":[],"class_list":["post-17684","product","type-product","status-publish","hentry","product_cat-cuidado-personal","product_cat-salud-y-medicos","product_tag-promoline"],"_links":{"self":[{"href":"http:\/\/119.8.7.19\/masterprom\/wp-json\/wp\/v2\/product\/17684","targetHints":{"allow":["GET"]}}],"collection":[{"href":"http:\/\/119.8.7.19\/masterprom\/wp-json\/wp\/v2\/product"}],"about":[{"href":"http:\/\/119.8.7.19\/masterprom\/wp-json\/wp\/v2\/types\/product"}],"replies":[{"embeddable":true,"href":"http:\/\/119.8.7.19\/masterprom\/wp-json\/wp\/v2\/comments?post=17684"}],"wp:attachment":[{"href":"http:\/\/119.8.7.19\/masterprom\/wp-json\/wp\/v2\/media?parent=17684"}],"curies":[{"name":"wp","href":"https:\/\/api.w.org\/{rel}","templated":true}]}}