{"id":17682,"date":"2021-04-20T00:56:39","date_gmt":"2021-04-20T05:56:39","guid":{"rendered":"http:\/\/119.8.7.19\/masterprom\/producto\/13-108\/"},"modified":"2021-04-20T00:56:39","modified_gmt":"2021-04-20T05:56:39","slug":"13-108","status":"publish","type":"product","link":"http:\/\/119.8.7.19\/masterprom\/producto\/13-108\/","title":{"rendered":"13-108"},"content":{"rendered":"<p>BMI &#8211; Cinta ideal para calcular el \u00edndice de masa corporal (BMI=Body Mass Index). Determina el \u00edndice de masa corporal considerando el peso actual y la altura del paciente. Con bot\u00f3n retr\u00e1ctil, alcanza 150 cm de largo.<\/p>\n","protected":false},"excerpt":{"rendered":"<p>BMI &#8211; Cinta ideal para calcular el \u00edndice de masa corporal (BMI=Body Mass Index). Determina el \u00edndice de masa corporal considerando el peso actual y la altura del paciente. Con bot\u00f3n retr\u00e1ctil, alcanza 150 cm de largo.<\/p>\n","protected":false},"featured_media":0,"comment_status":"closed","ping_status":"open","template":"","meta":[],"class_list":["post-17682","product","type-product","status-publish","hentry","product_cat-cuidado-personal","product_cat-salud-y-medicos","product_tag-blestar"],"_links":{"self":[{"href":"http:\/\/119.8.7.19\/masterprom\/wp-json\/wp\/v2\/product\/17682","targetHints":{"allow":["GET"]}}],"collection":[{"href":"http:\/\/119.8.7.19\/masterprom\/wp-json\/wp\/v2\/product"}],"about":[{"href":"http:\/\/119.8.7.19\/masterprom\/wp-json\/wp\/v2\/types\/product"}],"replies":[{"embeddable":true,"href":"http:\/\/119.8.7.19\/masterprom\/wp-json\/wp\/v2\/comments?post=17682"}],"wp:attachment":[{"href":"http:\/\/119.8.7.19\/masterprom\/wp-json\/wp\/v2\/media?parent=17682"}],"curies":[{"name":"wp","href":"https:\/\/api.w.org\/{rel}","templated":true}]}}