{"id":17670,"date":"2021-04-20T00:56:36","date_gmt":"2021-04-20T05:56:36","guid":{"rendered":"http:\/\/119.8.7.19\/masterprom\/producto\/jab-rec\/"},"modified":"2021-04-20T00:56:38","modified_gmt":"2021-04-20T05:56:38","slug":"jab-rec","status":"publish","type":"product","link":"http:\/\/119.8.7.19\/masterprom\/producto\/jab-rec\/","title":{"rendered":"JAB REC"},"content":{"rendered":"<p>Pr\u00e1ctico estuche de pl\u00e1stico, disponible en gran variedad de colores, que contiene 15 laminitas de jab\u00f3n con aroma manzana.<\/p>\n","protected":false},"excerpt":{"rendered":"<p>Pr\u00e1ctico estuche de pl\u00e1stico, disponible en gran variedad de colores, que contiene 15 laminitas de jab\u00f3n con aroma manzana.<\/p>\n","protected":false},"featured_media":0,"comment_status":"closed","ping_status":"open","template":"","meta":[],"class_list":["post-17670","product","type-product","status-publish","hentry","product_cat-cuidado-personal","product_cat-salud-y-medicos","product_tag-g4"],"_links":{"self":[{"href":"http:\/\/119.8.7.19\/masterprom\/wp-json\/wp\/v2\/product\/17670","targetHints":{"allow":["GET"]}}],"collection":[{"href":"http:\/\/119.8.7.19\/masterprom\/wp-json\/wp\/v2\/product"}],"about":[{"href":"http:\/\/119.8.7.19\/masterprom\/wp-json\/wp\/v2\/types\/product"}],"replies":[{"embeddable":true,"href":"http:\/\/119.8.7.19\/masterprom\/wp-json\/wp\/v2\/comments?post=17670"}],"wp:attachment":[{"href":"http:\/\/119.8.7.19\/masterprom\/wp-json\/wp\/v2\/media?parent=17670"}],"curies":[{"name":"wp","href":"https:\/\/api.w.org\/{rel}","templated":true}]}}