{"id":17667,"date":"2021-04-20T00:56:36","date_gmt":"2021-04-20T05:56:36","guid":{"rendered":"http:\/\/119.8.7.19\/masterprom\/producto\/pc-010\/"},"modified":"2021-04-20T00:56:37","modified_gmt":"2021-04-20T05:56:37","slug":"pc-010","status":"publish","type":"product","link":"http:\/\/119.8.7.19\/masterprom\/producto\/pc-010\/","title":{"rendered":"PC-010"},"content":{"rendered":"<p>Cubre bocas plisado con triple capa de tela no tejida sms 35 grs., con ajuste nasal, resortes de algod\u00f3n poli\u00e9ster, suave, transpirable y comoda. presentaci\u00f3n en bolsa sellada de 50 pzs. certificado de fabricaci\u00f3n cofepris.<\/p>\n","protected":false},"excerpt":{"rendered":"<p>Cubre bocas plisado con triple capa de tela no tejida sms 35 grs., con ajuste nasal, resortes de algod\u00f3n poli\u00e9ster, suave, transpirable y comoda. presentaci\u00f3n en bolsa sellada de 50 pzs. certificado de fabricaci\u00f3n cofepris.<\/p>\n","protected":false},"featured_media":0,"comment_status":"closed","ping_status":"open","template":"","meta":[],"class_list":["post-17667","product","type-product","status-publish","hentry","product_cat-cuidado-personal","product_cat-salud-y-medicos","product_tag-innova"],"_links":{"self":[{"href":"http:\/\/119.8.7.19\/masterprom\/wp-json\/wp\/v2\/product\/17667","targetHints":{"allow":["GET"]}}],"collection":[{"href":"http:\/\/119.8.7.19\/masterprom\/wp-json\/wp\/v2\/product"}],"about":[{"href":"http:\/\/119.8.7.19\/masterprom\/wp-json\/wp\/v2\/types\/product"}],"replies":[{"embeddable":true,"href":"http:\/\/119.8.7.19\/masterprom\/wp-json\/wp\/v2\/comments?post=17667"}],"wp:attachment":[{"href":"http:\/\/119.8.7.19\/masterprom\/wp-json\/wp\/v2\/media?parent=17667"}],"curies":[{"name":"wp","href":"https:\/\/api.w.org\/{rel}","templated":true}]}}