{"id":17652,"date":"2021-04-20T00:56:20","date_gmt":"2021-04-20T05:56:20","guid":{"rendered":"http:\/\/119.8.7.19\/masterprom\/producto\/31173101-2\/"},"modified":"2021-04-20T00:56:20","modified_gmt":"2021-04-20T05:56:20","slug":"31173101-2","status":"publish","type":"product","link":"http:\/\/119.8.7.19\/masterprom\/producto\/31173101-2\/","title":{"rendered":"31173101"},"content":{"rendered":"<p>4.0 Neceser peque\u00f1o para articulos esenciales, nylon, \u0095 Este pr\u00e1ctico neceser es ideal para llevar organizados sus art\u00edculos  de aseo personal de peque\u00f1o tama\u00f1o \u0095 Forro antibacteriano de f\u00e1cil limpieza \u0095 El compartimento interior posee unos paneles divididos de malla y un bolsillo con cremallera<\/p>\n","protected":false},"excerpt":{"rendered":"<p>4.0 Neceser peque\u00f1o para articulos esenciales, nylon, \u0095 Este pr\u00e1ctico neceser es ideal para llevar organizados sus art\u00edculos  de aseo personal de peque\u00f1o tama\u00f1o \u0095 Forro antibacteriano de f\u00e1cil limpieza \u0095 El compartimento interior posee unos paneles divididos de malla y un bolsillo con cremallera<\/p>\n","protected":false},"featured_media":0,"comment_status":"closed","ping_status":"open","template":"","meta":[],"class_list":["post-17652","product","type-product","status-publish","hentry","product_cat-cosmetiqueras","product_tag-victorinox"],"_links":{"self":[{"href":"http:\/\/119.8.7.19\/masterprom\/wp-json\/wp\/v2\/product\/17652","targetHints":{"allow":["GET"]}}],"collection":[{"href":"http:\/\/119.8.7.19\/masterprom\/wp-json\/wp\/v2\/product"}],"about":[{"href":"http:\/\/119.8.7.19\/masterprom\/wp-json\/wp\/v2\/types\/product"}],"replies":[{"embeddable":true,"href":"http:\/\/119.8.7.19\/masterprom\/wp-json\/wp\/v2\/comments?post=17652"}],"wp:attachment":[{"href":"http:\/\/119.8.7.19\/masterprom\/wp-json\/wp\/v2\/media?parent=17652"}],"curies":[{"name":"wp","href":"https:\/\/api.w.org\/{rel}","templated":true}]}}