{"id":17611,"date":"2021-04-20T00:56:28","date_gmt":"2021-04-20T05:56:28","guid":{"rendered":"http:\/\/119.8.7.19\/masterprom\/producto\/04-019\/"},"modified":"2021-04-20T00:56:28","modified_gmt":"2021-04-20T05:56:28","slug":"04-019","status":"publish","type":"product","link":"http:\/\/119.8.7.19\/masterprom\/producto\/04-019\/","title":{"rendered":"04-019"},"content":{"rendered":"<p>Soft esponja de ba\u00f1o ideal para el ba\u00f1o o la ducha. un complemento perfecto para regalar con un jab\u00f3n, gel, etc.<\/p>\n","protected":false},"excerpt":{"rendered":"<p>Soft esponja de ba\u00f1o ideal para el ba\u00f1o o la ducha. un complemento perfecto para regalar con un jab\u00f3n, gel, etc.<\/p>\n","protected":false},"featured_media":0,"comment_status":"closed","ping_status":"open","template":"","meta":[],"class_list":["post-17611","product","type-product","status-publish","hentry","product_cat-belleza","product_cat-cuidado-personal","product_tag-blestar"],"_links":{"self":[{"href":"http:\/\/119.8.7.19\/masterprom\/wp-json\/wp\/v2\/product\/17611","targetHints":{"allow":["GET"]}}],"collection":[{"href":"http:\/\/119.8.7.19\/masterprom\/wp-json\/wp\/v2\/product"}],"about":[{"href":"http:\/\/119.8.7.19\/masterprom\/wp-json\/wp\/v2\/types\/product"}],"replies":[{"embeddable":true,"href":"http:\/\/119.8.7.19\/masterprom\/wp-json\/wp\/v2\/comments?post=17611"}],"wp:attachment":[{"href":"http:\/\/119.8.7.19\/masterprom\/wp-json\/wp\/v2\/media?parent=17611"}],"curies":[{"name":"wp","href":"https:\/\/api.w.org\/{rel}","templated":true}]}}